{"id":2585,"date":"2025-05-27T20:35:38","date_gmt":"2025-05-27T12:35:38","guid":{"rendered":"https:\/\/intl-pack.com\/product\/corn-starch-plastic-coffee-stir-stick-style-2\/"},"modified":"2025-05-27T20:39:07","modified_gmt":"2025-05-27T12:39:07","slug":"corn-starch-plastic-coffee-stir-stick-style-2","status":"publish","type":"product","link":"https:\/\/www.intl-pack.com\/pt\/corn-starch-plastic-coffee-stir-stick-style-2\/","title":{"rendered":"Corn Starch Plastic Coffee Stir Stick &#8211; Style 2"},"content":{"rendered":"","protected":false},"excerpt":{"rendered":"<table >\n<tbody>\n<tr style=\"height: 14.4000pt;\">\n<td  style=\"width: 213.0500pt;\">\n<p>N\u00famero do item:<\/p>\n<\/td>\n<td  style=\"width: 213.0500pt;\">\n<p>Bio-S-08<\/p>\n<\/td>\n<\/tr>\n<tr>\n<td  style=\"width: 213.0500pt;\">\n<p>Tipo:<\/p>\n<\/td>\n<td  style=\"width: 213.0500pt;\">\n<p>Faca, garfo, colher, garfo<\/p>\n<\/td>\n<\/tr>\n<tr>\n<td  style=\"width: 213.0500pt;\">\n<p>Comprimento:<\/p>\n<\/td>\n<td  style=\"width: 213.0500pt;\">\n<p>\u00a0115 mm<\/p>\n<\/td>\n<\/tr>\n<tr>\n<td  style=\"width: 213.0500pt;\">\n<p>Peso:<\/p>\n<\/td>\n<td  style=\"width: 213.0500pt;\">\n<p>\u00a01.7g<\/p>\n<\/td>\n<\/tr>\n<tr>\n<td  style=\"width: 213.0500pt;\">\n<p>Material:<\/p>\n<\/td>\n<td  style=\"width: 213.0500pt;\">\n<p>\u00a0Corn Starch<\/p>\n<\/td>\n<\/tr>\n<tr>\n<td  style=\"width: 213.0500pt;\">\n<p>Cor dispon\u00edvel:<\/p>\n<\/td>\n<td  style=\"width: 213.0500pt;\">\n<p>White<\/p>\n<\/td>\n<\/tr>\n<tr>\n<td  style=\"width: 213.0500pt;\">\n<p>Pacote:<\/p>\n<\/td>\n<td  style=\"width: 213.0500pt;\">\n<p>1000 unidades\/caixa<\/p>\n<\/td>\n<\/tr>\n<tr>\n<td  style=\"width: 213.0500pt;\">\n<p>Uso:<\/p>\n<\/td>\n<td  style=\"width: 213.0500pt;\">\n<p>Utens\u00edlios descart\u00e1veis, talheres descart\u00e1veis<\/p>\n<\/td>\n<\/tr>\n<tr>\n<td  style=\"width: 213.0500pt;\">\n<p>Personalizar<\/p>\n<\/td>\n<td  style=\"width: 213.0500pt;\">\n<p>Desenvolvimento de mofo, cor, embalagem<\/p>\n<\/td>\n<\/tr>\n<tr>\n<td  style=\"width: 213.0500pt;\">\n<p>Amostra:<\/p>\n<\/td>\n<td  style=\"width: 213.0500pt;\">\n<p>Apoiar<\/p>\n<\/td>\n<\/tr>\n<tr>\n<td  style=\"width: 213.0500pt;\">\n<p>Personaliza\u00e7\u00e3o m\u00ednima:<\/p>\n<\/td>\n<td  style=\"width: 213.0500pt;\">\n<p>400 caixas<\/p>\n<\/td>\n<\/tr>\n<\/tbody>\n<\/table>","protected":false},"featured_media":2581,"template":"","meta":[],"product_brand":[],"product_cat":[24],"product_tag":[],"class_list":{"0":"post-2585","1":"product","2":"type-product","3":"status-publish","4":"has-post-thumbnail","6":"product_cat-disposable-cutlery","8":"first","9":"instock","10":"product-type-simple"},"_links":{"self":[{"href":"https:\/\/www.intl-pack.com\/pt\/wp-json\/wp\/v2\/product\/2585","targetHints":{"allow":["GET"]}}],"collection":[{"href":"https:\/\/www.intl-pack.com\/pt\/wp-json\/wp\/v2\/product"}],"about":[{"href":"https:\/\/www.intl-pack.com\/pt\/wp-json\/wp\/v2\/types\/product"}],"version-history":[{"count":0,"href":"https:\/\/www.intl-pack.com\/pt\/wp-json\/wp\/v2\/product\/2585\/revisions"}],"wp:featuredmedia":[{"embeddable":true,"href":"https:\/\/www.intl-pack.com\/pt\/wp-json\/wp\/v2\/media\/2581"}],"wp:attachment":[{"href":"https:\/\/www.intl-pack.com\/pt\/wp-json\/wp\/v2\/media?parent=2585"}],"wp:term":[{"taxonomy":"product_brand","embeddable":true,"href":"https:\/\/www.intl-pack.com\/pt\/wp-json\/wp\/v2\/product_brand?post=2585"},{"taxonomy":"product_cat","embeddable":true,"href":"https:\/\/www.intl-pack.com\/pt\/wp-json\/wp\/v2\/product_cat?post=2585"},{"taxonomy":"product_tag","embeddable":true,"href":"https:\/\/www.intl-pack.com\/pt\/wp-json\/wp\/v2\/product_tag?post=2585"}],"curies":[{"name":"wp","href":"https:\/\/api.w.org\/{rel}","templated":true}]}}