{"id":1858,"date":"2025-05-27T14:42:32","date_gmt":"2025-05-27T06:42:32","guid":{"rendered":"https:\/\/intl-pack.com\/product\/80mm-pp-plastic-cup-lids-with-heart-stopper-matte-black-whitepp-80f-02\/"},"modified":"2025-05-27T20:14:00","modified_gmt":"2025-05-27T12:14:00","slug":"80mm-pp-plastic-cup-lids-with-heart-stopper-matte-black-whitepp-80f-02","status":"publish","type":"product","link":"https:\/\/www.intl-pack.com\/pt\/80mm-pp-plastic-cup-lids-with-heart-stopper-matte-black\/whitepp-80f-02\/","title":{"rendered":"Tampas de copo de pl\u00e1stico PP de 80 mm com tampa de cora\u00e7\u00e3o \u2013 Preto fosco\/Branco, PP-80F-02"},"content":{"rendered":"","protected":false},"excerpt":{"rendered":"<table >\n<tbody>\n<tr style=\"height: 14.4000pt;\">\n<td  style=\"width: 213.0500pt;\">\n<p>N\u00famero do item:<\/p>\n<\/td>\n<td  style=\"width: 213.0500pt;\">\n<p>PP-80F-02<\/p>\n<\/td>\n<\/tr>\n<tr>\n<td  style=\"width: 213.0500pt;\">\n<p>Capacidade de transbordamento:<\/p>\n<\/td>\n<td  style=\"width: 213.0500pt;\">\n<p>\/<\/p>\n<\/td>\n<\/tr>\n<tr>\n<td  style=\"width: 213.0500pt;\">\n<p>Di\u00e2metro superior:<\/p>\n<\/td>\n<td  style=\"width: 213.0500pt;\">\n<p>\u00d880 mm<\/p>\n<\/td>\n<\/tr>\n<tr>\n<td  style=\"width: 213.0500pt;\">\n<p>Peso:<\/p>\n<\/td>\n<td  style=\"width: 213.0500pt;\">\n<p>\u00a0\/<\/p>\n<\/td>\n<\/tr>\n<tr>\n<td  style=\"width: 213.0500pt;\">\n<p>Material:<\/p>\n<\/td>\n<td  style=\"width: 213.0500pt;\">\n<p>PP<\/p>\n<\/td>\n<\/tr>\n<tr>\n<td  style=\"width: 213.0500pt;\">\n<p>N\u00famero de cores de impress\u00e3o:<\/p>\n<\/td>\n<td  style=\"width: 213.0500pt;\">\n<p>\/<\/p>\n<\/td>\n<\/tr>\n<tr>\n<td  style=\"width: 213.0500pt;\">\n<p>Pacote:<\/p>\n<\/td>\n<td  style=\"width: 213.0500pt;\">\n<p>500 ou 1000 pe\u00e7as\/caixa<\/p>\n<\/td>\n<\/tr>\n<tr>\n<td  style=\"width: 213.0500pt;\">\n<p>Uso:<\/p>\n<\/td>\n<td  style=\"width: 213.0500pt;\">\n<p>Cup lids\/cup cap<\/p>\n<\/td>\n<\/tr>\n<tr>\n<td  style=\"width: 213.0500pt;\">\n<p>Temperatura adequada:<\/p>\n<\/td>\n<td  style=\"width: 213.0500pt;\">\n<p>-20-120\u2103<\/p>\n<\/td>\n<\/tr>\n<tr>\n<td  style=\"width: 213.0500pt;\">\n<p>Amostra:<\/p>\n<\/td>\n<td  style=\"width: 213.0500pt;\">\n<p>Apoiar<\/p>\n<\/td>\n<\/tr>\n<tr>\n<td  style=\"width: 213.0500pt;\">\n<p>Quantidade m\u00ednima do pedido:<\/p>\n<\/td>\n<td  style=\"width: 213.0500pt;\">\n<p>1 caixa <\/p>\n<\/td>\n<\/tr>\n<\/tbody>\n<\/table>","protected":false},"featured_media":1860,"template":"","meta":[],"product_brand":[],"product_cat":[15,18],"product_tag":[],"class_list":{"0":"post-1858","1":"product","2":"type-product","3":"status-publish","4":"has-post-thumbnail","6":"product_cat-tea-beverage-packaging","7":"product_cat-injection-boba-cup","9":"first","10":"instock","11":"product-type-simple"},"_links":{"self":[{"href":"https:\/\/www.intl-pack.com\/pt\/wp-json\/wp\/v2\/product\/1858","targetHints":{"allow":["GET"]}}],"collection":[{"href":"https:\/\/www.intl-pack.com\/pt\/wp-json\/wp\/v2\/product"}],"about":[{"href":"https:\/\/www.intl-pack.com\/pt\/wp-json\/wp\/v2\/types\/product"}],"version-history":[{"count":0,"href":"https:\/\/www.intl-pack.com\/pt\/wp-json\/wp\/v2\/product\/1858\/revisions"}],"wp:featuredmedia":[{"embeddable":true,"href":"https:\/\/www.intl-pack.com\/pt\/wp-json\/wp\/v2\/media\/1860"}],"wp:attachment":[{"href":"https:\/\/www.intl-pack.com\/pt\/wp-json\/wp\/v2\/media?parent=1858"}],"wp:term":[{"taxonomy":"product_brand","embeddable":true,"href":"https:\/\/www.intl-pack.com\/pt\/wp-json\/wp\/v2\/product_brand?post=1858"},{"taxonomy":"product_cat","embeddable":true,"href":"https:\/\/www.intl-pack.com\/pt\/wp-json\/wp\/v2\/product_cat?post=1858"},{"taxonomy":"product_tag","embeddable":true,"href":"https:\/\/www.intl-pack.com\/pt\/wp-json\/wp\/v2\/product_tag?post=1858"}],"curies":[{"name":"wp","href":"https:\/\/api.w.org\/{rel}","templated":true}]}}