{"id":37,"date":"2025-05-10T16:11:27","date_gmt":"2025-05-10T08:11:27","guid":{"rendered":"https:\/\/intl-pack.com\/?page_id=37"},"modified":"2025-05-13T10:51:38","modified_gmt":"2025-05-13T02:51:38","slug":"factory-overview","status":"publish","type":"page","link":"https:\/\/www.intl-pack.com\/pt\/factory-overview\/","title":{"rendered":"Vis\u00e3o geral da f\u00e1brica"},"content":{"rendered":"<div data-elementor-type=\"wp-page\" data-elementor-id=\"37\" class=\"elementor elementor-37\">\n\t\t\t\t<div class=\"wd-negative-gap elementor-element elementor-element-144b009 e-flex e-con-boxed e-con e-parent\" data-id=\"144b009\" data-element_type=\"container\" data-e-type=\"container\" data-settings=\"{&quot;jet_parallax_layout_list&quot;:[]}\">\n\t\t\t\t\t<div class=\"e-con-inner\">\n\t\t\t\t<div class=\"elementor-element elementor-element-9b37d63 wd-width-100 elementor-widget elementor-widget-wd_title\" data-id=\"9b37d63\" data-element_type=\"widget\" data-e-type=\"widget\" data-widget_type=\"wd_title.default\">\n\t\t\t\t<div class=\"elementor-widget-container\">\n\t\t\t\t\t\t\t<div class=\"title-wrapper wd-set-mb reset-last-child wd-title-color-default wd-title-style-default wd-title-size-default text-center\">\n\n\t\t\t\n\t\t\t<div class=\"liner-continer\">\n\t\t\t\t<h2 class=\"woodmart-title-container title wd-fontsize-l\">Fabrica\u00e7\u00e3o de embalagens pl\u00e1sticas para alimentos e bebidas<\/h2> \n\t\t\t\t\t\t\t<\/div>\n\n\t\t\t\t\t\t\t<div class=\"title-after_title reset-last-child wd-fontsize-xs\">\n\t\t\t\t\t<p>A Intlpack tem vantagens significativas em capacidade de produ\u00e7\u00e3o, qualidade do produto, fontes de mat\u00e9ria-prima, equipamentos e processos, conformidade com a pol\u00edtica ambiental, posicionamento de pre\u00e7o, pesquisa e desenvolvimento inovadores, etc.<\/p>\t\t\t\t<\/div>\n\t\t\t\t\t<\/div>\n\t\t\t\t\t\t<\/div>\n\t\t\t\t<\/div>\n\t\t\t\t<div class=\"elementor-element elementor-element-afffe3f elementor-align-center elementor-widget elementor-widget-button\" data-id=\"afffe3f\" data-element_type=\"widget\" data-e-type=\"widget\" data-widget_type=\"button.default\">\n\t\t\t\t<div class=\"elementor-widget-container\">\n\t\t\t\t\t\t\t\t\t<div class=\"elementor-button-wrapper\">\n\t\t\t\t\t<a class=\"elementor-button elementor-button-link elementor-size-sm\" href=\"https:\/\/intl-pack.com\/contact-us\/\">\n\t\t\t\t\t\t<span class=\"elementor-button-content-wrapper\">\n\t\t\t\t\t\t<span class=\"elementor-button-icon\">\n\t\t\t\t<svg aria-hidden=\"true\" class=\"e-font-icon-svg e-fas-arrow-right\" viewbox=\"0 0 448 512\" xmlns=\"http:\/\/www.w3.org\/2000\/svg\"><path d=\"M190.5 66.9l22.2-22.2c9.4-9.4 24.6-9.4 33.9 0L441 239c9.4 9.4 9.4 24.6 0 33.9L246.6 467.3c-9.4 9.4-24.6 9.4-33.9 0l-22.2-22.2c-9.5-9.5-9.3-25 .4-34.3L311.4 296H24c-13.3 0-24-10.7-24-24v-32c0-13.3 10.7-24 24-24h287.4L190.9 101.2c-9.8-9.3-10-24.8-.4-34.3z\"><\/path><\/svg>\t\t\t<\/span>\n\t\t\t\t\t\t\t\t\t<span class=\"elementor-button-text\">Contato<\/span>\n\t\t\t\t\t<\/span>\n\t\t\t\t\t<\/a>\n\t\t\t\t<\/div>\n\t\t\t\t\t\t\t\t<\/div>\n\t\t\t\t<\/div>\n\t\t\t\t\t<\/div>\n\t\t\t\t<\/div>\n\t\t<div class=\"wd-negative-gap elementor-element elementor-element-152a661 e-flex e-con-boxed e-con e-parent\" data-id=\"152a661\" data-element_type=\"container\" data-e-type=\"container\" data-settings=\"{&quot;jet_parallax_layout_list&quot;:[]}\">\n\t\t\t\t\t<div class=\"e-con-inner\">\n\t\t\t\t<div class=\"elementor-element elementor-element-180eebb elementor-widget wd-nested-carousel\" data-id=\"180eebb\" data-element_type=\"widget\" data-e-type=\"widget\" data-widget_type=\"wd_nested_carousel.default\">\n\t\t\t\t<div class=\"elementor-widget-container\">\n\t\t\t\t\t\t\t<div class=\"wd-nested-carousel wd-carousel-container\">\n\t\t\t<div class=\"wd-carousel-inner\">\n\t\t\t\t<div class=\"wd-carousel wd-grid\" data-scroll_per_page=\"yes\" style=\"--wd-col-lg:3;--wd-col-md:3;--wd-col-sm:1;--wd-gap-lg:30px;--wd-gap-sm:10px;\">\n\t\t\t\t\t<div class=\"wd-carousel-wrap\">\n\t\t\t\t\t\t<div class=\"wd-carousel-item elementor-element elementor-element-4982801 e-con-full e-flex e-con e-child\" data-id=\"4982801\" data-element_type=\"container\" data-e-type=\"container\" data-settings=\"{&quot;jet_parallax_layout_list&quot;:[]}\">\n\t\t\t\t<div class=\"elementor-element elementor-element-b57ac25 elementor-widget elementor-widget-jet-banner\" data-id=\"b57ac25\" data-element_type=\"widget\" data-e-type=\"widget\" data-widget_type=\"jet-banner.default\">\n\t\t\t\t<div class=\"elementor-widget-container\">\n\t\t\t\t\t<div class=\"elementor-jet-banner jet-elements\"><figure class=\"jet-banner jet-effect-chico\"><div class=\"jet-banner__overlay\"><\/div><img decoding=\"async\" src=\"https:\/\/www.intl-pack.com\/wp-content\/uploads\/2025\/05\/5986d107-c20d-41d8-b66c-21e834fc5337-\u753b\u677f-1-\u62f7\u8d1d.jpg\" alt=\"5986d107-c20d-41d8-b66c-21e834fc5337-\u753b\u677f 1 \u62f7\u8d1d\" width=\"100%\" height=\"100%\" class=\"jet-banner__img\"><figcaption class=\"jet-banner__content\"><div class=\"jet-banner__content-wrap\"><h3 class=\"jet-banner__title\">Controle de qualidade<\/h3><div class=\"jet-banner__text\">Sempre colocamos a qualidade em primeiro lugar e estamos equipados com um sistema de inspe\u00e7\u00e3o visual para reduzir a taxa de produtos defeituosos.<\/div><\/div><\/figcaption><\/figure>\n<\/div>\t\t\t\t<\/div>\n\t\t\t\t<\/div>\n\t\t\t\t<\/div>\n\t\t<div class=\"wd-carousel-item elementor-element elementor-element-872d0ba e-con-full e-flex e-con e-child\" data-id=\"872d0ba\" data-element_type=\"container\" data-e-type=\"container\" data-settings=\"{&quot;jet_parallax_layout_list&quot;:[]}\">\n\t\t\t\t<div class=\"elementor-element elementor-element-d21361b elementor-widget elementor-widget-jet-banner\" data-id=\"d21361b\" data-element_type=\"widget\" data-e-type=\"widget\" data-widget_type=\"jet-banner.default\">\n\t\t\t\t<div class=\"elementor-widget-container\">\n\t\t\t\t\t<div class=\"elementor-jet-banner jet-elements\"><figure class=\"jet-banner jet-effect-chico\"><div class=\"jet-banner__overlay\"><\/div><img decoding=\"async\" src=\"https:\/\/www.intl-pack.com\/wp-content\/uploads\/2025\/05\/60db3d6d-373e-4e78-8dc7-e41064a3921f-\u4e13\u4e1a\u7684\u8bbe\u8ba1\u56e2\u961f.jpg\" alt=\"60db3d6d-373e-4e78-8dc7-e41064a3921f-\u4e13\u4e1a\u7684\u8bbe\u8ba1\u56e2\u961f\" width=\"100%\" height=\"100%\" class=\"jet-banner__img\"><figcaption class=\"jet-banner__content\"><div class=\"jet-banner__content-wrap\"><h3 class=\"jet-banner__title\">OEM e ODM<\/h3><div class=\"jet-banner__text\">Temos equipes profissionais de design e P&amp;D para desenvolver a embalagem pl\u00e1stica que voc\u00ea precisa.\n<\/div><\/div><\/figcaption><\/figure>\n<\/div>\t\t\t\t<\/div>\n\t\t\t\t<\/div>\n\t\t\t\t<\/div>\n\t\t<div class=\"wd-carousel-item elementor-element elementor-element-9f0494a e-con-full e-flex e-con e-child\" data-id=\"9f0494a\" data-element_type=\"container\" data-e-type=\"container\" data-settings=\"{&quot;jet_parallax_layout_list&quot;:[]}\">\n\t\t\t\t<div class=\"elementor-element elementor-element-1d4cd3a elementor-widget elementor-widget-jet-banner\" data-id=\"1d4cd3a\" data-element_type=\"widget\" data-e-type=\"widget\" data-widget_type=\"jet-banner.default\">\n\t\t\t\t<div class=\"elementor-widget-container\">\n\t\t\t\t\t<div class=\"elementor-jet-banner jet-elements\"><figure class=\"jet-banner jet-effect-chico\"><div class=\"jet-banner__overlay\"><\/div><img decoding=\"async\" src=\"https:\/\/www.intl-pack.com\/wp-content\/uploads\/2025\/05\/d1ad8a25-2b68-4ef3-9d52-65855e9f018b-\u753b\u677f-1.jpg\" alt=\"d1ad8a25-2b68-4ef3-9d52-65855e9f018b-\u753b\u677f 1\" width=\"100%\" height=\"100%\" class=\"jet-banner__img\"><figcaption class=\"jet-banner__content\"><div class=\"jet-banner__content-wrap\"><h3 class=\"jet-banner__title\">Produ\u00e7\u00e3o inteligente<\/h3><div class=\"jet-banner__text\">Estamos equipados com sistemas inteligentes de controle de \u00e1gua e eletricidade, m\u00e1quinas de moldagem por inje\u00e7\u00e3o de alta velocidade, sistemas de etiquetagem autom\u00e1tica, etc. para melhorar a efici\u00eancia da produ\u00e7\u00e3o.<\/div><\/div><\/figcaption><\/figure>\n<\/div>\t\t\t\t<\/div>\n\t\t\t\t<\/div>\n\t\t\t\t<\/div>\n\t\t<div class=\"wd-carousel-item wd-negative-gap elementor-element elementor-element-f7d839d e-flex e-con-boxed e-con e-child\" data-id=\"f7d839d\" data-element_type=\"container\" data-e-type=\"container\" data-settings=\"{&quot;jet_parallax_layout_list&quot;:[]}\">\n\t\t\t\t\t<div class=\"e-con-inner\">\n\t\t\t\t<div class=\"elementor-element elementor-element-540b492 elementor-widget elementor-widget-jet-banner\" data-id=\"540b492\" data-element_type=\"widget\" data-e-type=\"widget\" data-widget_type=\"jet-banner.default\">\n\t\t\t\t<div class=\"elementor-widget-container\">\n\t\t\t\t\t<div class=\"elementor-jet-banner jet-elements\"><figure class=\"jet-banner jet-effect-chico\"><div class=\"jet-banner__overlay\"><\/div><img decoding=\"async\" src=\"https:\/\/www.intl-pack.com\/wp-content\/uploads\/2025\/05\/5986d107-c20d-41d8-b66c-21e834fc5337-\u753b\u677f-1-\u62f7\u8d1d.jpg\" alt=\"5986d107-c20d-41d8-b66c-21e834fc5337-\u753b\u677f 1 \u62f7\u8d1d\" width=\"100%\" height=\"100%\" class=\"jet-banner__img\"><figcaption class=\"jet-banner__content\"><div class=\"jet-banner__content-wrap\"><h3 class=\"jet-banner__title\">Controle de qualidade<\/h3><div class=\"jet-banner__text\">Sempre colocamos a qualidade em primeiro lugar e estamos equipados com um sistema de inspe\u00e7\u00e3o visual para reduzir a taxa de produtos defeituosos.<\/div><\/div><\/figcaption><\/figure>\n<\/div>\t\t\t\t<\/div>\n\t\t\t\t<\/div>\n\t\t\t\t\t<\/div>\n\t\t\t\t<\/div>\n\t\t\t\t\t\t\t<\/div>\n\t\t\t\t<\/div>\n\n\t\t\t\t\t\t\t\t\t\t\t<div class=\"wd-nav-arrows wd-pos-sep wd-hover-1 wd-icon-1\">\n\t\t\t<div class=\"wd-btn-arrow wd-prev wd-disabled\">\n\t\t\t\t<div class=\"wd-arrow-inner\"><\/div>\n\t\t\t<\/div>\n\t\t\t<div class=\"wd-btn-arrow wd-next\">\n\t\t\t\t<div class=\"wd-arrow-inner\"><\/div>\n\t\t\t<\/div>\n\t\t<\/div>\n\t\t\t\t\t\t\t\t\t<\/div>\n\n\t\t\t\t\t<div class=\"wd-nav-pagin-wrap text-center wd-style-shape wd-hide-md-sm wd-hide-sm\">\n\t\t\t<ul class=\"wd-nav-pagin\"><\/ul>\n\t\t<\/div>\n\t\t\t\t\t\t\t<\/div>\n\t\t\t\t\t\t<\/div>\n\t\t\t\t<\/div>\n\t\t\t\t\t<\/div>\n\t\t\t\t<\/div>\n\t\t<div class=\"wd-negative-gap elementor-element elementor-element-65640e5 e-flex e-con-boxed e-con e-parent\" data-id=\"65640e5\" data-element_type=\"container\" data-e-type=\"container\" data-settings=\"{&quot;jet_parallax_layout_list&quot;:[]}\">\n\t\t\t\t\t<div class=\"e-con-inner\">\n\t\t\t\t<div class=\"elementor-element elementor-element-52f58d2 wd-width-100 elementor-widget elementor-widget-wd_title\" data-id=\"52f58d2\" data-element_type=\"widget\" data-e-type=\"widget\" data-widget_type=\"wd_title.default\">\n\t\t\t\t<div class=\"elementor-widget-container\">\n\t\t\t\t\t\t\t<div class=\"title-wrapper wd-set-mb reset-last-child wd-title-color-default wd-title-style-default wd-title-size-default text-center\">\n\n\t\t\t\n\t\t\t<div class=\"liner-continer\">\n\t\t\t\t<h2 class=\"woodmart-title-container title wd-fontsize-l\">Certificados relacionados<\/h2> \n\t\t\t\t\t\t\t<\/div>\n\n\t\t\t\t\t<\/div>\n\t\t\t\t\t\t<\/div>\n\t\t\t\t<\/div>\n\t\t\t\t<div class=\"elementor-element elementor-element-91cc9bc zhengshu wd-width-100 elementor-widget elementor-widget-wd_images_gallery\" data-id=\"91cc9bc\" data-element_type=\"widget\" data-e-type=\"widget\" data-widget_type=\"wd_images_gallery.default\">\n\t\t\t\t<div class=\"elementor-widget-container\">\n\t\t\t\t\t\t\t<div class=\"wd-images-gallery photoswipe-images wd-carousel-container\" style=\"--wd-align-items:center; --wd-justify-content:center;\">\n\t\t\t\t\t\t\t<div class=\"wd-carousel-inner\">\n\t\t\t\t\t\t<div class=\"wd-carousel wd-grid\" data-scroll_per_page=\"yes\" style=\"--wd-col-lg:4;--wd-col-md:4;--wd-col-sm:1;--wd-gap-lg:20px;--wd-gap-sm:10px;\">\n\t\t\t\t\t\t\t\t\t<div class=\"wd-carousel-wrap\">\n\t\t\t\t\t\t\t\t\t\t\t\t\t\t\t\t\t\t<div class=\"wd-gallery-item wd-carousel-item\">\n\t\t\t\t\t\t\t\t\t\t\t\t\t<a  href=\"https:\/\/www.intl-pack.com\/wp-content\/uploads\/2025\/05\/907c4d34-ae32-4992-b341-134f6632ea0b-2.jpg\" data-width=\"607\" data-height=\"836\" data-index=\"1\" data-elementor-open-lightbox=\"no\">\n\t\t\t\t\t\t\n\t\t\t\t\t\t<img fetchpriority=\"high\" decoding=\"async\" width=\"557\" height=\"836\" src=\"https:\/\/www.intl-pack.com\/wp-content\/uploads\/2025\/05\/907c4d34-ae32-4992-b341-134f6632ea0b-2-557x836.jpg\" class=\"attachment-557x836 size-557x836\" alt=\"907c4d34-ae32-4992-b341-134f6632ea0b-2\" \/>\n\t\t\t\t\t\t\t\t\t\t\t\t\t<\/a>\n\t\t\t\t\t\t\t\t\t\t\t<\/div>\n\t\t\t\t\t\t\t\t\t\t\t\t\t\t\t<div class=\"wd-gallery-item wd-carousel-item\">\n\t\t\t\t\t\t\t\t\t\t\t\t\t<a  href=\"https:\/\/www.intl-pack.com\/wp-content\/uploads\/2025\/05\/a7fb077c-7f0d-45cd-aa7d-9b7775107366-1.jpg\" data-width=\"595\" data-height=\"841\" data-index=\"2\" data-elementor-open-lightbox=\"no\">\n\t\t\t\t\t\t\n\t\t\t\t\t\t<img decoding=\"async\" width=\"557\" height=\"836\" src=\"https:\/\/www.intl-pack.com\/wp-content\/uploads\/2025\/05\/a7fb077c-7f0d-45cd-aa7d-9b7775107366-1-557x836.jpg\" class=\"attachment-557x836 size-557x836\" alt=\"a7fb077c-7f0d-45cd-aa7d-9b7775107366-1\" \/>\n\t\t\t\t\t\t\t\t\t\t\t\t\t<\/a>\n\t\t\t\t\t\t\t\t\t\t\t<\/div>\n\t\t\t\t\t\t\t\t\t\t\t\t\t\t\t<div class=\"wd-gallery-item wd-carousel-item\">\n\t\t\t\t\t\t\t\t\t\t\t\t\t<a  href=\"https:\/\/www.intl-pack.com\/wp-content\/uploads\/2025\/05\/fa52b887-4af7-4557-b03b-b61d797000a9-4.jpg\" data-width=\"591\" data-height=\"836\" data-index=\"3\" data-elementor-open-lightbox=\"no\">\n\t\t\t\t\t\t\n\t\t\t\t\t\t<img decoding=\"async\" width=\"557\" height=\"836\" src=\"https:\/\/www.intl-pack.com\/wp-content\/uploads\/2025\/05\/fa52b887-4af7-4557-b03b-b61d797000a9-4-557x836.jpg\" class=\"attachment-557x836 size-557x836\" alt=\"fa52b887-4af7-4557-b03b-b61d797000a9-4\" \/>\n\t\t\t\t\t\t\t\t\t\t\t\t\t<\/a>\n\t\t\t\t\t\t\t\t\t\t\t<\/div>\n\t\t\t\t\t\t\t\t\t\t\t\t\t\t\t<div class=\"wd-gallery-item wd-carousel-item\">\n\t\t\t\t\t\t\t\t\t\t\t\t\t<a  href=\"https:\/\/www.intl-pack.com\/wp-content\/uploads\/2025\/05\/\u8bc1\u4e66-04.jpg\" data-width=\"592\" data-height=\"837\" data-index=\"4\" data-elementor-open-lightbox=\"no\">\n\t\t\t\t\t\t\n\t\t\t\t\t\t<img loading=\"lazy\" decoding=\"async\" width=\"557\" height=\"836\" src=\"https:\/\/www.intl-pack.com\/wp-content\/uploads\/2025\/05\/\u8bc1\u4e66-04-557x836.jpg\" class=\"attachment-557x836 size-557x836\" alt=\"\u8bc1\u4e66-04\" \/>\n\t\t\t\t\t\t\t\t\t\t\t\t\t<\/a>\n\t\t\t\t\t\t\t\t\t\t\t<\/div>\n\t\t\t\t\t\t\t\t\t\t\t\t\t\t\t<div class=\"wd-gallery-item wd-carousel-item\">\n\t\t\t\t\t\t\t\t\t\t\t\t\t<a  href=\"https:\/\/www.intl-pack.com\/wp-content\/uploads\/2025\/05\/907c4d34-ae32-4992-b341-134f6632ea0b-2-1.jpg\" data-width=\"607\" data-height=\"836\" data-index=\"5\" data-elementor-open-lightbox=\"no\">\n\t\t\t\t\t\t\n\t\t\t\t\t\t<img loading=\"lazy\" decoding=\"async\" width=\"557\" height=\"836\" src=\"https:\/\/www.intl-pack.com\/wp-content\/uploads\/2025\/05\/907c4d34-ae32-4992-b341-134f6632ea0b-2-1-557x836.jpg\" class=\"attachment-557x836 size-557x836\" alt=\"907c4d34-ae32-4992-b341-134f6632ea0b-2\" \/>\n\t\t\t\t\t\t\t\t\t\t\t\t\t<\/a>\n\t\t\t\t\t\t\t\t\t\t\t<\/div>\n\t\t\t\t\t\t\t\t\t\t\t\t\t\t\t\t<\/div>\n\t\t\t\t\t\t\t\t<\/div>\n\t\t\t\t\t\t\t\t\t\t\t\t\t\t<div class=\"wd-nav-arrows wd-pos-sep wd-hover-1 wd-icon-1\">\n\t\t\t<div class=\"wd-btn-arrow wd-prev wd-disabled\">\n\t\t\t\t<div class=\"wd-arrow-inner\"><\/div>\n\t\t\t<\/div>\n\t\t\t<div class=\"wd-btn-arrow wd-next\">\n\t\t\t\t<div class=\"wd-arrow-inner\"><\/div>\n\t\t\t<\/div>\n\t\t<\/div>\n\t\t\t\t\t\t\n\t\t\t\t<\/div>\n\n\t\t\t\t\t\t<div class=\"wd-nav-pagin-wrap text-center wd-style-shape wd-hide-md-sm wd-hide-sm\">\n\t\t\t<ul class=\"wd-nav-pagin\"><\/ul>\n\t\t<\/div>\n\t\t\t\t\t\t\t\t\t\t\t<\/div>\n\t\t\t\t\t\t<\/div>\n\t\t\t\t<\/div>\n\t\t\t\t\t<\/div>\n\t\t\t\t<\/div>\n\t\t<div class=\"wd-negative-gap elementor-element elementor-element-1c970ee e-flex e-con-boxed e-con e-parent\" data-id=\"1c970ee\" data-element_type=\"container\" data-e-type=\"container\" data-settings=\"{&quot;jet_parallax_layout_list&quot;:[]}\">\n\t\t\t\t\t<div class=\"e-con-inner\">\n\t\t<div class=\"elementor-element elementor-element-a3e7fdc e-con-full e-flex e-con e-child\" data-id=\"a3e7fdc\" data-element_type=\"container\" data-e-type=\"container\" data-settings=\"{&quot;jet_parallax_layout_list&quot;:[]}\">\n\t\t\t\t<div class=\"elementor-element elementor-element-df3139a wd-width-100 elementor-widget elementor-widget-wd_title\" data-id=\"df3139a\" data-element_type=\"widget\" data-e-type=\"widget\" data-widget_type=\"wd_title.default\">\n\t\t\t\t<div class=\"elementor-widget-container\">\n\t\t\t\t\t\t\t<div class=\"title-wrapper wd-set-mb reset-last-child wd-title-color-default wd-title-style-default wd-title-size-default text-left\">\n\n\t\t\t\n\t\t\t<div class=\"liner-continer\">\n\t\t\t\t<h2 class=\"woodmart-title-container title wd-fontsize-l\">Fabrica\u00e7\u00e3o de cont\u00eaineres IML<\/h2> \n\t\t\t\t\t\t\t<\/div>\n\n\t\t\t\t\t\t\t<div class=\"title-after_title reset-last-child wd-fontsize-xs\">\n\t\t\t\t\t<p>IML (In Molding Label) \u00e9 um processo de fabrica\u00e7\u00e3o que combina moldagem por inje\u00e7\u00e3o e tecnologia de termoformagem de filme. Com a introdu\u00e7\u00e3o da tecnologia de termoformagem de filme no processo de moldagem por inje\u00e7\u00e3o, s\u00e3o fabricados recipientes de paredes finas. A Intopicon formulou padr\u00f5es de produ\u00e7\u00e3o rigorosos para produzir recipientes IML de paredes finas com excelente desempenho e apar\u00eancia, amplamente utilizados em embalagens de alimentos, bebidas, cosm\u00e9ticos, produtos farmac\u00eauticos e outros setores.<\/p>\t\t\t\t<\/div>\n\t\t\t\t\t<\/div>\n\t\t\t\t\t\t<\/div>\n\t\t\t\t<\/div>\n\t\t\t\t<\/div>\n\t\t<div class=\"elementor-element elementor-element-c21d1ef e-con-full e-flex e-con e-child\" data-id=\"c21d1ef\" data-element_type=\"container\" data-e-type=\"container\" data-settings=\"{&quot;jet_parallax_layout_list&quot;:[]}\">\n\t\t\t\t<div class=\"elementor-element elementor-element-2a3978c elementor-widget elementor-widget-wd_image_or_svg\" data-id=\"2a3978c\" data-element_type=\"widget\" data-e-type=\"widget\" data-widget_type=\"wd_image_or_svg.default\">\n\t\t\t\t<div class=\"elementor-widget-container\">\n\t\t\t\t\t\n\t\t<div class=\"wd-image text-left\">\n\t\t\t\t\t\t\t\t<img loading=\"lazy\" decoding=\"async\" width=\"514\" height=\"382\" src=\"https:\/\/www.intl-pack.com\/wp-content\/uploads\/2025\/05\/b50eaec7-cff4-470d-b200-1db73635bf81-\u6a21\u5177.png\" class=\"attachment-full size-full\" alt=\"IML Container Manufacturing\" srcset=\"https:\/\/www.intl-pack.com\/wp-content\/uploads\/2025\/05\/b50eaec7-cff4-470d-b200-1db73635bf81-\u6a21\u5177.png 514w, https:\/\/www.intl-pack.com\/wp-content\/uploads\/2025\/05\/b50eaec7-cff4-470d-b200-1db73635bf81-\u6a21\u5177-150x111.png 150w, https:\/\/www.intl-pack.com\/wp-content\/uploads\/2025\/05\/b50eaec7-cff4-470d-b200-1db73635bf81-\u6a21\u5177-300x223.png 300w\" sizes=\"(max-width: 514px) 100vw, 514px\" \/>\t\t\t\t\t<\/div>\n\n\t\t\t\t\t\t<\/div>\n\t\t\t\t<\/div>\n\t\t\t\t<\/div>\n\t\t\t\t\t<\/div>\n\t\t\t\t<\/div>\n\t\t<div class=\"wd-negative-gap elementor-element elementor-element-0adfba8 e-flex e-con-boxed e-con e-parent\" data-id=\"0adfba8\" data-element_type=\"container\" data-e-type=\"container\" data-settings=\"{&quot;jet_parallax_layout_list&quot;:[]}\">\n\t\t\t\t\t<div class=\"e-con-inner\">\n\t\t<div class=\"elementor-element elementor-element-da772ad e-con-full e-flex e-con e-child\" data-id=\"da772ad\" data-element_type=\"container\" data-e-type=\"container\" data-settings=\"{&quot;jet_parallax_layout_list&quot;:[]}\">\n\t\t\t\t<div class=\"elementor-element elementor-element-808982a wd-width-100 elementor-widget elementor-widget-wd_title\" data-id=\"808982a\" data-element_type=\"widget\" data-e-type=\"widget\" data-widget_type=\"wd_title.default\">\n\t\t\t\t<div class=\"elementor-widget-container\">\n\t\t\t\t\t\t\t<div class=\"title-wrapper wd-set-mb reset-last-child wd-title-color-default wd-title-style-default wd-title-size-default text-left\">\n\n\t\t\t\n\t\t\t<div class=\"liner-continer\">\n\t\t\t\t<h2 class=\"woodmart-title-container title wd-fontsize-l\">Fabrica\u00e7\u00e3o de cont\u00eaineres ecol\u00f3gicos<\/h2> \n\t\t\t\t\t\t\t<\/div>\n\n\t\t\t\t\t\t\t<div class=\"title-after_title reset-last-child wd-fontsize-xs\">\n\t\t\t\t\t<p>Apoiamos a personaliza\u00e7\u00e3o de materiais ecol\u00f3gicos para substituir pl\u00e1sticos n\u00e3o degrad\u00e1veis. Pl\u00e1stico biodegrad\u00e1vel: este material pode ser degradado por microrganismos no ambiente natural, reduzindo a polui\u00e7\u00e3o ambiental. \u00c1cido polil\u00e1tico (PLA): este \u00e9 um pol\u00edmero biodegrad\u00e1vel extra\u00eddo do milho e de outros amidos vegetais ap\u00f3s a fermenta\u00e7\u00e3o. \u00c9 at\u00f3xico e inofensivo ao meio ambiente, podendo ser degradado no ambiente natural. PE e PP ecol\u00f3gicos: esses dois materiais utilizam catalisadores e aditivos ecol\u00f3gicos durante o processo de produ\u00e7\u00e3o, que causam menor impacto ambiental e apresentam boa degradabilidade.<\/p>\t\t\t\t<\/div>\n\t\t\t\t\t<\/div>\n\t\t\t\t\t\t<\/div>\n\t\t\t\t<\/div>\n\t\t\t\t<\/div>\n\t\t<div class=\"elementor-element elementor-element-5d70bc0 e-con-full e-flex e-con e-child\" data-id=\"5d70bc0\" data-element_type=\"container\" data-e-type=\"container\" data-settings=\"{&quot;jet_parallax_layout_list&quot;:[]}\">\n\t\t\t\t<div class=\"elementor-element elementor-element-7390d55 elementor-widget elementor-widget-wd_image_or_svg\" data-id=\"7390d55\" data-element_type=\"widget\" data-e-type=\"widget\" data-widget_type=\"wd_image_or_svg.default\">\n\t\t\t\t<div class=\"elementor-widget-container\">\n\t\t\t\t\t\n\t\t<div class=\"wd-image text-left\">\n\t\t\t\t\t\t\t\t<img loading=\"lazy\" decoding=\"async\" width=\"514\" height=\"382\" src=\"https:\/\/www.intl-pack.com\/wp-content\/uploads\/2025\/05\/f3227cb6-b2c7-4c89-adcc-a585657b66d1-\u539f\u6599.png\" class=\"attachment-full size-full\" alt=\"Eco-friendly Container Manufacturing\" srcset=\"https:\/\/www.intl-pack.com\/wp-content\/uploads\/2025\/05\/f3227cb6-b2c7-4c89-adcc-a585657b66d1-\u539f\u6599.png 514w, https:\/\/www.intl-pack.com\/wp-content\/uploads\/2025\/05\/f3227cb6-b2c7-4c89-adcc-a585657b66d1-\u539f\u6599-150x111.png 150w, https:\/\/www.intl-pack.com\/wp-content\/uploads\/2025\/05\/f3227cb6-b2c7-4c89-adcc-a585657b66d1-\u539f\u6599-300x223.png 300w\" sizes=\"(max-width: 514px) 100vw, 514px\" \/>\t\t\t\t\t<\/div>\n\n\t\t\t\t\t\t<\/div>\n\t\t\t\t<\/div>\n\t\t\t\t<\/div>\n\t\t\t\t\t<\/div>\n\t\t\t\t<\/div>\n\t\t<div class=\"wd-negative-gap elementor-element elementor-element-2731aeb wd-section-stretch e-flex e-con-boxed e-con e-parent\" data-id=\"2731aeb\" data-element_type=\"container\" data-e-type=\"container\" data-settings=\"{&quot;background_background&quot;:&quot;classic&quot;,&quot;jet_parallax_layout_list&quot;:[]}\">\n\t\t\t\t\t<div class=\"e-con-inner\">\n\t\t<div class=\"elementor-element elementor-element-e81ac42 e-con-full e-flex e-con e-child\" data-id=\"e81ac42\" data-element_type=\"container\" data-e-type=\"container\" data-settings=\"{&quot;background_background&quot;:&quot;classic&quot;,&quot;jet_parallax_layout_list&quot;:[]}\">\n\t\t<div class=\"elementor-element elementor-element-fbecd06 e-con-full e-flex e-con e-child\" data-id=\"fbecd06\" data-element_type=\"container\" data-e-type=\"container\" data-settings=\"{&quot;jet_parallax_layout_list&quot;:[]}\">\n\t\t\t\t<div class=\"elementor-element elementor-element-6ff98ef wd-width-100 elementor-widget elementor-widget-wd_title\" data-id=\"6ff98ef\" data-element_type=\"widget\" data-e-type=\"widget\" data-widget_type=\"wd_title.default\">\n\t\t\t\t<div class=\"elementor-widget-container\">\n\t\t\t\t\t\t\t<div class=\"title-wrapper wd-set-mb reset-last-child wd-title-color-default wd-title-style-default wd-title-size-default text-center\">\n\n\t\t\t\n\t\t\t<div class=\"liner-continer\">\n\t\t\t\t<h2 class=\"woodmart-title-container title wd-fontsize-l\">Como entrar em contato conosco?<\/h2> \n\t\t\t\t\t\t\t<\/div>\n\n\t\t\t\t\t\t\t<div class=\"title-after_title reset-last-child wd-fontsize-xs\">\n\t\t\t\t\t<p>Quer voc\u00ea queira encomendar diretamente ou personalizar um produto personalizado, estamos aqui para ajudar. Pronto para levar seu neg\u00f3cio ao pr\u00f3ximo n\u00edvel? Entre em contato conosco hoje mesmo e vamos criar algo incr\u00edvel juntos.<\/p>\t\t\t\t<\/div>\n\t\t\t\t\t<\/div>\n\t\t\t\t\t\t<\/div>\n\t\t\t\t<\/div>\n\t\t\t\t<div class=\"elementor-element elementor-element-37084b4 elementor-align-center elementor-widget elementor-widget-button\" data-id=\"37084b4\" data-element_type=\"widget\" data-e-type=\"widget\" data-widget_type=\"button.default\">\n\t\t\t\t<div class=\"elementor-widget-container\">\n\t\t\t\t\t\t\t\t\t<div class=\"elementor-button-wrapper\">\n\t\t\t\t\t<a class=\"elementor-button elementor-button-link elementor-size-sm\" href=\"https:\/\/intl-pack.com\/contact-us\/\">\n\t\t\t\t\t\t<span class=\"elementor-button-content-wrapper\">\n\t\t\t\t\t\t\t\t\t<span class=\"elementor-button-text\">Comece agora<\/span>\n\t\t\t\t\t<\/span>\n\t\t\t\t\t<\/a>\n\t\t\t\t<\/div>\n\t\t\t\t\t\t\t\t<\/div>\n\t\t\t\t<\/div>\n\t\t\t\t<\/div>\n\t\t\t\t<\/div>\n\t\t\t\t\t<\/div>\n\t\t\t\t<\/div>\n\t\t\t\t<\/div>","protected":false},"excerpt":{"rendered":"<p>Plastic Food And Beverage Packaging Manufacturing Intlpack has significant advantages in production capacity, product quality, raw material sources, equipment and<\/p>","protected":false},"author":1,"featured_media":0,"parent":0,"menu_order":0,"comment_status":"closed","ping_status":"closed","template":"","meta":{"footnotes":""},"class_list":["post-37","page","type-page","status-publish","hentry"],"_links":{"self":[{"href":"https:\/\/www.intl-pack.com\/pt\/wp-json\/wp\/v2\/pages\/37","targetHints":{"allow":["GET"]}}],"collection":[{"href":"https:\/\/www.intl-pack.com\/pt\/wp-json\/wp\/v2\/pages"}],"about":[{"href":"https:\/\/www.intl-pack.com\/pt\/wp-json\/wp\/v2\/types\/page"}],"author":[{"embeddable":true,"href":"https:\/\/www.intl-pack.com\/pt\/wp-json\/wp\/v2\/users\/1"}],"replies":[{"embeddable":true,"href":"https:\/\/www.intl-pack.com\/pt\/wp-json\/wp\/v2\/comments?post=37"}],"version-history":[{"count":0,"href":"https:\/\/www.intl-pack.com\/pt\/wp-json\/wp\/v2\/pages\/37\/revisions"}],"wp:attachment":[{"href":"https:\/\/www.intl-pack.com\/pt\/wp-json\/wp\/v2\/media?parent=37"}],"curies":[{"name":"wp","href":"https:\/\/api.w.org\/{rel}","templated":true}]}}