{"id":2726,"date":"2025-05-27T21:02:41","date_gmt":"2025-05-27T13:02:41","guid":{"rendered":"https:\/\/intl-pack.com\/product\/260ml-iml-cereal-yogurt-cup-with-lid-and-spoon-round-shapepp-260-96\/"},"modified":"2025-05-28T16:37:22","modified_gmt":"2025-05-28T08:37:22","slug":"260ml-iml-cereal-yogurt-cup-with-lid-and-spoon-round-shapepp-260-96","status":"publish","type":"product","link":"https:\/\/www.intl-pack.com\/fr\/260ml-iml-cereal-yogurt-cup-with-lid-and-spoon-round-shapepp-260-96\/","title":{"rendered":"Pot de yaourt aux c\u00e9r\u00e9ales IML 260 ml avec couvercle et cuill\u00e8re - Forme ronde, PP-260-96"},"content":{"rendered":"","protected":false},"excerpt":{"rendered":"<table class=\"jtable123\">\n<tbody>\n<tr>\n<td>Num\u00e9ro d&#039;article :<\/td>\n<td>PP-260-96<\/td>\n<\/tr>\n<tr>\n<td>Capacit\u00e9 de d\u00e9bordement :<\/td>\n<td>260 ml<\/td>\n<\/tr>\n<tr>\n<td>Diam\u00e8tre sup\u00e9rieur :<\/td>\n<td>\u00d896mm<\/td>\n<\/tr>\n<tr>\n<td>Poids:<\/td>\n<td>Tub-13.5g Lids-7.3g<\/td>\n<\/tr>\n<tr>\n<td>Mat\u00e9riel:<\/td>\n<td>PP de qualit\u00e9 alimentaire<\/td>\n<\/tr>\n<tr>\n<td>Nombre de couleurs :<\/td>\n<td>1-10 colors<\/td>\n<\/tr>\n<tr>\n<td>Emballer:<\/td>\n<td>500 ou 1000 pi\u00e8ces\/carton<\/td>\n<\/tr>\n<tr>\n<td>Usage:<\/td>\n<td>emballage et stockage des aliments<\/td>\n<\/tr>\n<tr>\n<td>Quantit\u00e9 minimum de commande :<\/td>\n<td>50000 pi\u00e8ces<\/td>\n<\/tr>\n<tr>\n<td>Temp\u00e9rature appropri\u00e9e :<\/td>\n<td>-20-120\u2103<\/td>\n<\/tr>\n<tr>\n<td>\u00c9chantillon:<\/td>\n<td>Soutien<\/td>\n<\/tr>\n<tr>\n<td>Services:<\/td>\n<td>T\/T,Apple pay,PayPal,Western Union,Others<\/td>\n<\/tr>\n<\/tbody>\n<\/table>\n<p>&nbsp;<\/p>\n<p>&nbsp;<\/p>","protected":false},"featured_media":2728,"template":"","meta":[],"product_brand":[],"product_cat":[30,29],"product_tag":[],"class_list":{"0":"post-2726","1":"product","2":"type-product","3":"status-publish","4":"has-post-thumbnail","6":"product_cat-dairy-puddingice-cream-cups","7":"product_cat-food-industry","9":"first","10":"instock","11":"product-type-simple"},"_links":{"self":[{"href":"https:\/\/www.intl-pack.com\/fr\/wp-json\/wp\/v2\/product\/2726","targetHints":{"allow":["GET"]}}],"collection":[{"href":"https:\/\/www.intl-pack.com\/fr\/wp-json\/wp\/v2\/product"}],"about":[{"href":"https:\/\/www.intl-pack.com\/fr\/wp-json\/wp\/v2\/types\/product"}],"version-history":[{"count":0,"href":"https:\/\/www.intl-pack.com\/fr\/wp-json\/wp\/v2\/product\/2726\/revisions"}],"wp:featuredmedia":[{"embeddable":true,"href":"https:\/\/www.intl-pack.com\/fr\/wp-json\/wp\/v2\/media\/2728"}],"wp:attachment":[{"href":"https:\/\/www.intl-pack.com\/fr\/wp-json\/wp\/v2\/media?parent=2726"}],"wp:term":[{"taxonomy":"product_brand","embeddable":true,"href":"https:\/\/www.intl-pack.com\/fr\/wp-json\/wp\/v2\/product_brand?post=2726"},{"taxonomy":"product_cat","embeddable":true,"href":"https:\/\/www.intl-pack.com\/fr\/wp-json\/wp\/v2\/product_cat?post=2726"},{"taxonomy":"product_tag","embeddable":true,"href":"https:\/\/www.intl-pack.com\/fr\/wp-json\/wp\/v2\/product_tag?post=2726"}],"curies":[{"name":"wp","href":"https:\/\/api.w.org\/{rel}","templated":true}]}}