{"id":2579,"date":"2025-05-27T20:35:38","date_gmt":"2025-05-27T12:35:38","guid":{"rendered":"https:\/\/intl-pack.com\/product\/corn-starch-plastic-coffee-stir-stick-style-1\/"},"modified":"2025-05-27T20:39:07","modified_gmt":"2025-05-27T12:39:07","slug":"corn-starch-plastic-coffee-stir-stick-style-1","status":"publish","type":"product","link":"https:\/\/www.intl-pack.com\/fr\/corn-starch-plastic-coffee-stir-stick-style-1\/","title":{"rendered":"B\u00e2tonnet \u00e0 caf\u00e9 en plastique \u00e0 base d&#039;amidon de ma\u00efs \u2013 Style 1"},"content":{"rendered":"","protected":false},"excerpt":{"rendered":"<table >\n<tbody>\n<tr style=\"height: 14.4000pt;\">\n<td  style=\"width: 213.0500pt;\">\n<p>Num\u00e9ro d&#039;article :<\/p>\n<\/td>\n<td  style=\"width: 213.0500pt;\">\n<p>Coffee Stir Stick &#8211; Style 1<\/p>\n<\/td>\n<\/tr>\n<tr>\n<td  style=\"width: 213.0500pt;\">\n<p>Taper:<\/p>\n<\/td>\n<td  style=\"width: 213.0500pt;\">\n<p>coffee stir<\/p>\n<\/td>\n<\/tr>\n<tr>\n<td  style=\"width: 213.0500pt;\">\n<p>Longueur:<\/p>\n<\/td>\n<td  style=\"width: 213.0500pt;\">\n<p>\u00a0130 mm<\/p>\n<\/td>\n<\/tr>\n<tr>\n<td  style=\"width: 213.0500pt;\">\n<p>Poids:<\/p>\n<\/td>\n<td  style=\"width: 213.0500pt;\">\n<p>\u00a01,8 g<\/p>\n<\/td>\n<\/tr>\n<tr>\n<td  style=\"width: 213.0500pt;\">\n<p>Mat\u00e9riel:<\/p>\n<\/td>\n<td  style=\"width: 213.0500pt;\">\n<p>\u00a0Corn Starch<\/p>\n<\/td>\n<\/tr>\n<tr>\n<td  style=\"width: 213.0500pt;\">\n<p>Couleur disponible :<\/p>\n<\/td>\n<td  style=\"width: 213.0500pt;\">\n<p>White<\/p>\n<\/td>\n<\/tr>\n<tr>\n<td  style=\"width: 213.0500pt;\">\n<p>Emballer:<\/p>\n<\/td>\n<td  style=\"width: 213.0500pt;\">\n<p>1000 pi\u00e8ces\/carton<\/p>\n<\/td>\n<\/tr>\n<tr>\n<td  style=\"width: 213.0500pt;\">\n<p>Usage:<\/p>\n<\/td>\n<td  style=\"width: 213.0500pt;\">\n<p>Ustensiles jetables, couverts jetables<\/p>\n<\/td>\n<\/tr>\n<tr>\n<td  style=\"width: 213.0500pt;\">\n<p>Personnaliser<\/p>\n<\/td>\n<td  style=\"width: 213.0500pt;\">\n<p>D\u00e9veloppement du moule, couleur, emballage<\/p>\n<\/td>\n<\/tr>\n<tr>\n<td  style=\"width: 213.0500pt;\">\n<p>\u00c9chantillon:<\/p>\n<\/td>\n<td  style=\"width: 213.0500pt;\">\n<p>Soutien<\/p>\n<\/td>\n<\/tr>\n<tr>\n<td  style=\"width: 213.0500pt;\">\n<p>Personnalisation minimale\u00a0:<\/p>\n<\/td>\n<td  style=\"width: 213.0500pt;\">\n<p>400 carton<\/p>\n<\/td>\n<\/tr>\n<\/tbody>\n<\/table>","protected":false},"featured_media":2581,"template":"","meta":[],"product_brand":[],"product_cat":[24],"product_tag":[],"class_list":{"0":"post-2579","1":"product","2":"type-product","3":"status-publish","4":"has-post-thumbnail","6":"product_cat-disposable-cutlery","8":"first","9":"instock","10":"product-type-simple"},"_links":{"self":[{"href":"https:\/\/www.intl-pack.com\/fr\/wp-json\/wp\/v2\/product\/2579","targetHints":{"allow":["GET"]}}],"collection":[{"href":"https:\/\/www.intl-pack.com\/fr\/wp-json\/wp\/v2\/product"}],"about":[{"href":"https:\/\/www.intl-pack.com\/fr\/wp-json\/wp\/v2\/types\/product"}],"version-history":[{"count":0,"href":"https:\/\/www.intl-pack.com\/fr\/wp-json\/wp\/v2\/product\/2579\/revisions"}],"wp:featuredmedia":[{"embeddable":true,"href":"https:\/\/www.intl-pack.com\/fr\/wp-json\/wp\/v2\/media\/2581"}],"wp:attachment":[{"href":"https:\/\/www.intl-pack.com\/fr\/wp-json\/wp\/v2\/media?parent=2579"}],"wp:term":[{"taxonomy":"product_brand","embeddable":true,"href":"https:\/\/www.intl-pack.com\/fr\/wp-json\/wp\/v2\/product_brand?post=2579"},{"taxonomy":"product_cat","embeddable":true,"href":"https:\/\/www.intl-pack.com\/fr\/wp-json\/wp\/v2\/product_cat?post=2579"},{"taxonomy":"product_tag","embeddable":true,"href":"https:\/\/www.intl-pack.com\/fr\/wp-json\/wp\/v2\/product_tag?post=2579"}],"curies":[{"name":"wp","href":"https:\/\/api.w.org\/{rel}","templated":true}]}}