{"id":2551,"date":"2025-05-27T20:33:54","date_gmt":"2025-05-27T12:33:54","guid":{"rendered":"https:\/\/intl-pack.com\/product\/small-size-corn-starch-disposable-cutlery-set-knife-forkspoon-and-spork-white-bio-s\/"},"modified":"2025-05-27T20:39:07","modified_gmt":"2025-05-27T12:39:07","slug":"small-size-corn-starch-disposable-cutlery-set-knife-forkspoon-and-spork-white-bio-s","status":"publish","type":"product","link":"https:\/\/www.intl-pack.com\/es\/small-size-corn-starch-disposable-cutlery-set-knife-forkspoon-and-spork-white-bio-s\/","title":{"rendered":"Juego de cubiertos desechables de almid\u00f3n de ma\u00edz, tama\u00f1o peque\u00f1o: cuchillo, tenedor, cuchara y tenedor blanco Bio-S"},"content":{"rendered":"","protected":false},"excerpt":{"rendered":"<table >\n<tbody>\n<tr style=\"height: 14.4000pt;\">\n<td  style=\"width: 213.0500pt;\">\n<p>N.\u00ba de art\u00edculo:<\/p>\n<\/td>\n<td  style=\"width: 213.0500pt;\">\n<p>Bio-S<\/p>\n<\/td>\n<\/tr>\n<tr>\n<td  style=\"width: 213.0500pt;\">\n<p>Tipo:<\/p>\n<\/td>\n<td  style=\"width: 213.0500pt;\">\n<p>Knife, Fork, Spoon<\/p>\n<\/td>\n<\/tr>\n<tr>\n<td  style=\"width: 213.0500pt;\">\n<p>Longitud:<\/p>\n<\/td>\n<td  style=\"width: 213.0500pt;\">\n<p>\u00a0160 mm, 150 mm, 150 mm<\/p>\n<\/td>\n<\/tr>\n<tr>\n<td  style=\"width: 213.0500pt;\">\n<p>Peso:<\/p>\n<\/td>\n<td  style=\"width: 213.0500pt;\">\n<p>\u00a04g, 4g, 4g<\/p>\n<\/td>\n<\/tr>\n<tr>\n<td  style=\"width: 213.0500pt;\">\n<p>Material:<\/p>\n<\/td>\n<td  style=\"width: 213.0500pt;\">\n<p>\u00a0Corn Starch<\/p>\n<\/td>\n<\/tr>\n<tr>\n<td  style=\"width: 213.0500pt;\">\n<p>Colores disponibles:<\/p>\n<\/td>\n<td  style=\"width: 213.0500pt;\">\n<p>Negro, blanco, transparente<\/p>\n<\/td>\n<\/tr>\n<tr>\n<td  style=\"width: 213.0500pt;\">\n<p>Paquete:<\/p>\n<\/td>\n<td  style=\"width: 213.0500pt;\">\n<p>1000 piezas\/caja<\/p>\n<\/td>\n<\/tr>\n<tr>\n<td  style=\"width: 213.0500pt;\">\n<p>Uso:<\/p>\n<\/td>\n<td  style=\"width: 213.0500pt;\">\n<p>Utensilios desechables, cubiertos desechables<\/p>\n<\/td>\n<\/tr>\n<tr>\n<td  style=\"width: 213.0500pt;\">\n<p>Personalizar<\/p>\n<\/td>\n<td  style=\"width: 213.0500pt;\">\n<p>Desarrollo de moldes, color, empaque.<\/p>\n<\/td>\n<\/tr>\n<tr>\n<td  style=\"width: 213.0500pt;\">\n<p>Muestra:<\/p>\n<\/td>\n<td  style=\"width: 213.0500pt;\">\n<p>Apoyo<\/p>\n<\/td>\n<\/tr>\n<tr>\n<td  style=\"width: 213.0500pt;\">\n<p>Personalizaci\u00f3n m\u00ednima:<\/p>\n<\/td>\n<td  style=\"width: 213.0500pt;\">\n<p>400 cajas de cart\u00f3n<\/p>\n<\/td>\n<\/tr>\n<\/tbody>\n<\/table>","protected":false},"featured_media":2553,"template":"","meta":[],"product_brand":[],"product_cat":[24],"product_tag":[],"class_list":{"0":"post-2551","1":"product","2":"type-product","3":"status-publish","4":"has-post-thumbnail","6":"product_cat-disposable-cutlery","8":"first","9":"instock","10":"product-type-simple"},"_links":{"self":[{"href":"https:\/\/www.intl-pack.com\/es\/wp-json\/wp\/v2\/product\/2551","targetHints":{"allow":["GET"]}}],"collection":[{"href":"https:\/\/www.intl-pack.com\/es\/wp-json\/wp\/v2\/product"}],"about":[{"href":"https:\/\/www.intl-pack.com\/es\/wp-json\/wp\/v2\/types\/product"}],"version-history":[{"count":0,"href":"https:\/\/www.intl-pack.com\/es\/wp-json\/wp\/v2\/product\/2551\/revisions"}],"wp:featuredmedia":[{"embeddable":true,"href":"https:\/\/www.intl-pack.com\/es\/wp-json\/wp\/v2\/media\/2553"}],"wp:attachment":[{"href":"https:\/\/www.intl-pack.com\/es\/wp-json\/wp\/v2\/media?parent=2551"}],"wp:term":[{"taxonomy":"product_brand","embeddable":true,"href":"https:\/\/www.intl-pack.com\/es\/wp-json\/wp\/v2\/product_brand?post=2551"},{"taxonomy":"product_cat","embeddable":true,"href":"https:\/\/www.intl-pack.com\/es\/wp-json\/wp\/v2\/product_cat?post=2551"},{"taxonomy":"product_tag","embeddable":true,"href":"https:\/\/www.intl-pack.com\/es\/wp-json\/wp\/v2\/product_tag?post=2551"}],"curies":[{"name":"wp","href":"https:\/\/api.w.org\/{rel}","templated":true}]}}