{"id":1997,"date":"2025-05-27T15:31:56","date_gmt":"2025-05-27T07:31:56","guid":{"rendered":"https:\/\/intl-pack.com\/product\/5g-empty-coffee-capsules-cuppp-12-32\/"},"modified":"2025-05-27T15:31:56","modified_gmt":"2025-05-27T07:31:56","slug":"5g-empty-coffee-capsules-cuppp-12-32","status":"publish","type":"product","link":"https:\/\/www.intl-pack.com\/es\/5g-empty-coffee-capsules-cuppp-12-32\/","title":{"rendered":"C\u00e1psulas de caf\u00e9 vac\u00edas de 5 g, PP-12-32"},"content":{"rendered":"","protected":false},"excerpt":{"rendered":"<table >\n<tbody>\n<tr style=\"height: 14.4000pt;\">\n<td  style=\"width: 213.0500pt;\">\n<p>N.\u00ba de art\u00edculo:<\/p>\n<\/td>\n<td  style=\"width: 213.0500pt;\">\n<p>PP-12-32<\/p>\n<\/td>\n<\/tr>\n<tr>\n<td  style=\"width: 213.0500pt;\">\n<p>Capacidad de desbordamiento:<\/p>\n<\/td>\n<td  style=\"width: 213.0500pt;\">\n<p>\u00a012 ml<\/p>\n<\/td>\n<\/tr>\n<tr>\n<td  style=\"width: 213.0500pt;\">\n<p>Di\u00e1metro superior:<\/p>\n<\/td>\n<td  style=\"width: 213.0500pt;\">\n<p>\u00d832 mm<\/p>\n<\/td>\n<\/tr>\n<tr>\n<td  style=\"width: 213.0500pt;\">\n<p>Peso:<\/p>\n<\/td>\n<td  style=\"width: 213.0500pt;\">\n<p>\u00a0\/<\/p>\n<\/td>\n<\/tr>\n<tr>\n<td  style=\"width: 213.0500pt;\">\n<p>Material:<\/p>\n<\/td>\n<td  style=\"width: 213.0500pt;\">\n<p>PP de grado alimenticio<\/p>\n<\/td>\n<\/tr>\n<tr>\n<td  style=\"width: 213.0500pt;\">\n<p>N\u00famero de colores:<\/p>\n<\/td>\n<td  style=\"width: 213.0500pt;\">\n<p>1-10 colores<\/p>\n<\/td>\n<\/tr>\n<tr>\n<td  style=\"width: 213.0500pt;\">\n<p>Paquete:<\/p>\n<\/td>\n<td  style=\"width: 213.0500pt;\">\n<p>500 o 1000 piezas\/caja<\/p>\n<\/td>\n<\/tr>\n<tr>\n<td  style=\"width: 213.0500pt;\">\n<p>Uso:<\/p>\n<\/td>\n<td  style=\"width: 213.0500pt;\">\n<p>envasado y almacenamiento de alimentos<\/p>\n<\/td>\n<\/tr>\n<tr>\n<td  style=\"width: 213.0500pt;\">\n<p>Pedido m\u00ednimo de IML:<\/p>\n<\/td>\n<td  style=\"width: 213.0500pt;\">\n<p>50000 piezas<\/p>\n<\/td>\n<\/tr>\n<tr>\n<td  style=\"width: 213.0500pt;\">\n<p>Temperatura adecuada:<\/p>\n<\/td>\n<td  style=\"width: 213.0500pt;\">\n<p>-20-120\u2103<\/p>\n<\/td>\n<\/tr>\n<tr>\n<td  style=\"width: 213.0500pt;\">\n<p>Muestra:<\/p>\n<\/td>\n<td  style=\"width: 213.0500pt;\">\n<p>Apoyo<\/p>\n<\/td>\n<\/tr>\n<\/tbody>\n<\/table>","protected":false},"featured_media":1999,"template":"","meta":[],"product_brand":[],"product_cat":[15,21],"product_tag":[],"class_list":{"0":"post-1997","1":"product","2":"type-product","3":"status-publish","4":"has-post-thumbnail","6":"product_cat-tea-beverage-packaging","7":"product_cat-capsule-coffee-cup","9":"first","10":"instock","11":"product-type-simple"},"_links":{"self":[{"href":"https:\/\/www.intl-pack.com\/es\/wp-json\/wp\/v2\/product\/1997","targetHints":{"allow":["GET"]}}],"collection":[{"href":"https:\/\/www.intl-pack.com\/es\/wp-json\/wp\/v2\/product"}],"about":[{"href":"https:\/\/www.intl-pack.com\/es\/wp-json\/wp\/v2\/types\/product"}],"version-history":[{"count":0,"href":"https:\/\/www.intl-pack.com\/es\/wp-json\/wp\/v2\/product\/1997\/revisions"}],"wp:featuredmedia":[{"embeddable":true,"href":"https:\/\/www.intl-pack.com\/es\/wp-json\/wp\/v2\/media\/1999"}],"wp:attachment":[{"href":"https:\/\/www.intl-pack.com\/es\/wp-json\/wp\/v2\/media?parent=1997"}],"wp:term":[{"taxonomy":"product_brand","embeddable":true,"href":"https:\/\/www.intl-pack.com\/es\/wp-json\/wp\/v2\/product_brand?post=1997"},{"taxonomy":"product_cat","embeddable":true,"href":"https:\/\/www.intl-pack.com\/es\/wp-json\/wp\/v2\/product_cat?post=1997"},{"taxonomy":"product_tag","embeddable":true,"href":"https:\/\/www.intl-pack.com\/es\/wp-json\/wp\/v2\/product_tag?post=1997"}],"curies":[{"name":"wp","href":"https:\/\/api.w.org\/{rel}","templated":true}]}}