{"id":1898,"date":"2025-05-27T14:43:41","date_gmt":"2025-05-27T06:43:41","guid":{"rendered":"https:\/\/intl-pack.com\/product\/89mm-disposable-plastic-lids-injection-cover-red-heart-plug-clear-black-whitepp-89f-12\/"},"modified":"2025-05-27T20:14:00","modified_gmt":"2025-05-27T12:14:00","slug":"89mm-disposable-plastic-lids-injection-cover-red-heart-plug-clear-black-whitepp-89f-12","status":"publish","type":"product","link":"https:\/\/www.intl-pack.com\/es\/89mm-disposable-plastic-lids-injection-cover-red-heart-plug\/clear\/black\/whitepp-89f-12\/","title":{"rendered":"Tapas de pl\u00e1stico desechables de 89 mm: tapa de inyecci\u00f3n con tap\u00f3n rojo\/transparente\/negro\/blanco, PP-89F-12"},"content":{"rendered":"","protected":false},"excerpt":{"rendered":"<table >\n<tbody>\n<tr style=\"height: 14.4000pt;\">\n<td  style=\"width: 213.0500pt;\">\n<p>N.\u00ba de art\u00edculo:<\/p>\n<\/td>\n<td  style=\"width: 213.0500pt;\">\n<p>PP-89F-12<\/p>\n<\/td>\n<\/tr>\n<tr>\n<td  style=\"width: 213.0500pt;\">\n<p>Capacidad de desbordamiento:<\/p>\n<\/td>\n<td  style=\"width: 213.0500pt;\">\n<p>\/<\/p>\n<\/td>\n<\/tr>\n<tr>\n<td  style=\"width: 213.0500pt;\">\n<p>Di\u00e1metro superior:<\/p>\n<\/td>\n<td  style=\"width: 213.0500pt;\">\n<p>\u00d889mm<\/p>\n<\/td>\n<\/tr>\n<tr>\n<td  style=\"width: 213.0500pt;\">\n<p>Peso:<\/p>\n<\/td>\n<td  style=\"width: 213.0500pt;\">\n<p>\u00a0&#8211;<\/p>\n<\/td>\n<\/tr>\n<tr>\n<td  style=\"width: 213.0500pt;\">\n<p>Material:<\/p>\n<\/td>\n<td  style=\"width: 213.0500pt;\">\n<p>P\u00c1GINAS<\/p>\n<\/td>\n<\/tr>\n<tr>\n<td  style=\"width: 213.0500pt;\">\n<p>N\u00famero de colores de impresi\u00f3n:<\/p>\n<\/td>\n<td  style=\"width: 213.0500pt;\">\n<p>\/<\/p>\n<\/td>\n<\/tr>\n<tr>\n<td  style=\"width: 213.0500pt;\">\n<p>Paquete:<\/p>\n<\/td>\n<td  style=\"width: 213.0500pt;\">\n<p>500 o 1000 piezas\/caja<\/p>\n<\/td>\n<\/tr>\n<tr>\n<td  style=\"width: 213.0500pt;\">\n<p>Uso:<\/p>\n<\/td>\n<td  style=\"width: 213.0500pt;\">\n<p>Cup lids\/cup cap<\/p>\n<\/td>\n<\/tr>\n<tr>\n<td  style=\"width: 213.0500pt;\">\n<p>Temperatura adecuada:<\/p>\n<\/td>\n<td  style=\"width: 213.0500pt;\">\n<p>-20-120\u2103<\/p>\n<\/td>\n<\/tr>\n<tr>\n<td  style=\"width: 213.0500pt;\">\n<p>Muestra:<\/p>\n<\/td>\n<td  style=\"width: 213.0500pt;\">\n<p>Apoyo<\/p>\n<\/td>\n<\/tr>\n<tr>\n<td  style=\"width: 213.0500pt;\">\n<p>Cantidad m\u00ednima de pedido:<\/p>\n<\/td>\n<td  style=\"width: 213.0500pt;\">\n<p>1 caja de cart\u00f3n <\/p>\n<\/td>\n<\/tr>\n<\/tbody>\n<\/table>","protected":false},"featured_media":1900,"template":"","meta":[],"product_brand":[],"product_cat":[15,18],"product_tag":[],"class_list":{"0":"post-1898","1":"product","2":"type-product","3":"status-publish","4":"has-post-thumbnail","6":"product_cat-tea-beverage-packaging","7":"product_cat-injection-boba-cup","9":"first","10":"instock","11":"product-type-simple"},"_links":{"self":[{"href":"https:\/\/www.intl-pack.com\/es\/wp-json\/wp\/v2\/product\/1898","targetHints":{"allow":["GET"]}}],"collection":[{"href":"https:\/\/www.intl-pack.com\/es\/wp-json\/wp\/v2\/product"}],"about":[{"href":"https:\/\/www.intl-pack.com\/es\/wp-json\/wp\/v2\/types\/product"}],"version-history":[{"count":0,"href":"https:\/\/www.intl-pack.com\/es\/wp-json\/wp\/v2\/product\/1898\/revisions"}],"wp:featuredmedia":[{"embeddable":true,"href":"https:\/\/www.intl-pack.com\/es\/wp-json\/wp\/v2\/media\/1900"}],"wp:attachment":[{"href":"https:\/\/www.intl-pack.com\/es\/wp-json\/wp\/v2\/media?parent=1898"}],"wp:term":[{"taxonomy":"product_brand","embeddable":true,"href":"https:\/\/www.intl-pack.com\/es\/wp-json\/wp\/v2\/product_brand?post=1898"},{"taxonomy":"product_cat","embeddable":true,"href":"https:\/\/www.intl-pack.com\/es\/wp-json\/wp\/v2\/product_cat?post=1898"},{"taxonomy":"product_tag","embeddable":true,"href":"https:\/\/www.intl-pack.com\/es\/wp-json\/wp\/v2\/product_tag?post=1898"}],"curies":[{"name":"wp","href":"https:\/\/api.w.org\/{rel}","templated":true}]}}