{"id":1785,"date":"2025-05-27T14:42:32","date_gmt":"2025-05-27T06:42:32","guid":{"rendered":"https:\/\/intl-pack.com\/product\/420ml-pp-injection-cup-milk-tea-bubble-tea-boba-tea-84mm-caliberpp-420-84\/"},"modified":"2025-05-27T20:21:56","modified_gmt":"2025-05-27T12:21:56","slug":"420ml-pp-injection-cup-milk-tea-bubble-tea-boba-tea-84mm-caliberpp-420-84","status":"publish","type":"product","link":"https:\/\/www.intl-pack.com\/es\/420ml-pp-injection-cup\/milk-tea\/bubble-tea\/boba-tea-84mm-caliberpp-420-84\/","title":{"rendered":"Vaso de inyecci\u00f3n de PP de 420 ml para t\u00e9 con leche, t\u00e9 de burbujas y t\u00e9 boba (calibre 84 mm, PP-420-84)"},"content":{"rendered":"","protected":false},"excerpt":{"rendered":"<table >\n<tbody>\n<tr style=\"height: 14.4000pt;\">\n<td  style=\"width: 213.0500pt;\">\n<p>N.\u00ba de art\u00edculo:<\/p>\n<\/td>\n<td  style=\"width: 213.0500pt;\">\n<p>\u00a0PP-420-84<\/p>\n<\/td>\n<\/tr>\n<tr>\n<td  style=\"width: 213.0500pt;\">\n<p>Capacidad de desbordamiento:<\/p>\n<\/td>\n<td  style=\"width: 213.0500pt;\">\n<p>\u00a0420 ml<\/p>\n<\/td>\n<\/tr>\n<tr>\n<td  style=\"width: 213.0500pt;\">\n<p>Di\u00e1metro superior:<\/p>\n<\/td>\n<td  style=\"width: 213.0500pt;\">\n<p>\u00d884mm<\/p>\n<\/td>\n<\/tr>\n<tr>\n<td  style=\"width: 213.0500pt;\">\n<p>Peso:<\/p>\n<\/td>\n<td  style=\"width: 213.0500pt;\">\n<p>\u00a020g<\/p>\n<\/td>\n<\/tr>\n<tr>\n<td  style=\"width: 213.0500pt;\">\n<p>Material:<\/p>\n<\/td>\n<td  style=\"width: 213.0500pt;\">\n<p>PP de grado alimenticio<\/p>\n<\/td>\n<\/tr>\n<tr>\n<td  style=\"width: 213.0500pt;\">\n<p>Number of Colors\uff1a<\/p>\n<\/td>\n<td  style=\"width: 213.0500pt;\">\n<p>1\u201310 colores<\/p>\n<\/td>\n<\/tr>\n<tr>\n<td  style=\"width: 213.0500pt;\">\n<p>Paquete:<\/p>\n<\/td>\n<td  style=\"width: 213.0500pt;\">\n<p>500pcs\/carton<\/p>\n<\/td>\n<\/tr>\n<tr>\n<td  style=\"width: 213.0500pt;\">\n<p>Uso:<\/p>\n<\/td>\n<td  style=\"width: 213.0500pt;\">\n<p>Bebida fr\u00eda\/caliente<\/p>\n<\/td>\n<\/tr>\n<tr>\n<td  style=\"width: 213.0500pt;\">\n<p>Temperatura adecuada:<\/p>\n<\/td>\n<td  style=\"width: 213.0500pt;\">\n<p>-20\u2103-120\u2103<\/p>\n<\/td>\n<\/tr>\n<tr>\n<td  style=\"width: 213.0500pt;\">\n<p>Muestra:<\/p>\n<\/td>\n<td  style=\"width: 213.0500pt;\">\n<p>Apoyo<\/p>\n<\/td>\n<\/tr>\n<tr>\n<td  style=\"width: 213.0500pt;\">\n<p>Minimum Logo Printing\/IML:<\/p>\n<\/td>\n<td  style=\"width: 213.0500pt;\">\n<p>10k \/30k<\/p>\n<\/td>\n<\/tr>\n<\/tbody>\n<\/table>","protected":false},"featured_media":1787,"template":"","meta":[],"product_brand":[],"product_cat":[15,18],"product_tag":[],"class_list":{"0":"post-1785","1":"product","2":"type-product","3":"status-publish","4":"has-post-thumbnail","6":"product_cat-tea-beverage-packaging","7":"product_cat-injection-boba-cup","9":"first","10":"instock","11":"product-type-simple"},"_links":{"self":[{"href":"https:\/\/www.intl-pack.com\/es\/wp-json\/wp\/v2\/product\/1785","targetHints":{"allow":["GET"]}}],"collection":[{"href":"https:\/\/www.intl-pack.com\/es\/wp-json\/wp\/v2\/product"}],"about":[{"href":"https:\/\/www.intl-pack.com\/es\/wp-json\/wp\/v2\/types\/product"}],"version-history":[{"count":0,"href":"https:\/\/www.intl-pack.com\/es\/wp-json\/wp\/v2\/product\/1785\/revisions"}],"wp:featuredmedia":[{"embeddable":true,"href":"https:\/\/www.intl-pack.com\/es\/wp-json\/wp\/v2\/media\/1787"}],"wp:attachment":[{"href":"https:\/\/www.intl-pack.com\/es\/wp-json\/wp\/v2\/media?parent=1785"}],"wp:term":[{"taxonomy":"product_brand","embeddable":true,"href":"https:\/\/www.intl-pack.com\/es\/wp-json\/wp\/v2\/product_brand?post=1785"},{"taxonomy":"product_cat","embeddable":true,"href":"https:\/\/www.intl-pack.com\/es\/wp-json\/wp\/v2\/product_cat?post=1785"},{"taxonomy":"product_tag","embeddable":true,"href":"https:\/\/www.intl-pack.com\/es\/wp-json\/wp\/v2\/product_tag?post=1785"}],"curies":[{"name":"wp","href":"https:\/\/api.w.org\/{rel}","templated":true}]}}