{"id":1762,"date":"2025-05-27T14:42:32","date_gmt":"2025-05-27T06:42:32","guid":{"rendered":"https:\/\/intl-pack.com\/product\/280ml-pp-injection-cup-milk-tea-bubble-tea-boba-tea-89mm-caliberpp-280-89-2\/"},"modified":"2025-05-27T15:10:46","modified_gmt":"2025-05-27T07:10:46","slug":"280ml-pp-injection-cup-milk-tea-bubble-tea-boba-tea-89mm-caliberpp-280-89-2","status":"publish","type":"product","link":"https:\/\/www.intl-pack.com\/es\/280ml-pp-injection-cup\/milk-tea\/bubble-tea\/boba-tea-89mm-caliberpp-280-89\/","title":{"rendered":"Vaso de inyecci\u00f3n de PP de 280 ml para t\u00e9 con leche, t\u00e9 de burbujas y t\u00e9 boba (calibre 89 mm, PP-280-89)"},"content":{"rendered":"","protected":false},"excerpt":{"rendered":"<table>\n<tbody>\n<tr style=\"height: 14.4000pt;\">\n<td style=\"width: 213.0500pt;\">N.\u00ba de art\u00edculo:<\/td>\n<td style=\"width: 213.0500pt;\">PP-280-89<\/td>\n<\/tr>\n<tr>\n<td style=\"width: 213.0500pt;\">Capacidad de desbordamiento:<\/td>\n<td style=\"width: 213.0500pt;\">\u00a0280 ml<\/td>\n<\/tr>\n<tr>\n<td style=\"width: 213.0500pt;\">Di\u00e1metro superior:<\/td>\n<td style=\"width: 213.0500pt;\">\u00d889mm<\/td>\n<\/tr>\n<tr>\n<td style=\"width: 213.0500pt;\">Peso:<\/td>\n<td style=\"width: 213.0500pt;\">\u00a010g<\/td>\n<\/tr>\n<tr>\n<td style=\"width: 213.0500pt;\">Material:<\/td>\n<td style=\"width: 213.0500pt;\">PP de grado alimenticio<\/td>\n<\/tr>\n<tr>\n<td style=\"width: 213.0500pt;\">Number of Colors\uff1a<\/td>\n<td style=\"width: 213.0500pt;\">1\u201310 colores<\/td>\n<\/tr>\n<tr>\n<td style=\"width: 213.0500pt;\">Paquete:<\/td>\n<td style=\"width: 213.0500pt;\">1000 piezas\/caja<\/td>\n<\/tr>\n<tr>\n<td style=\"width: 213.0500pt;\">Uso:<\/td>\n<td style=\"width: 213.0500pt;\">Cold\/Hot Drink<\/td>\n<\/tr>\n<tr>\n<td style=\"width: 213.0500pt;\">Temperatura adecuada:<\/td>\n<td style=\"width: 213.0500pt;\">-20-120\u2103<\/td>\n<\/tr>\n<tr>\n<td style=\"width: 213.0500pt;\">Muestra:<\/td>\n<td style=\"width: 213.0500pt;\">Apoyo<\/td>\n<\/tr>\n<tr>\n<td style=\"width: 213.0500pt;\">Minimum Logo Printing\/IML:<\/td>\n<td style=\"width: 213.0500pt;\">10000pcs \/30000pcs<\/td>\n<\/tr>\n<\/tbody>\n<\/table>","protected":false},"featured_media":1764,"template":"","meta":[],"product_brand":[],"product_cat":[15,18],"product_tag":[],"class_list":{"0":"post-1762","1":"product","2":"type-product","3":"status-publish","4":"has-post-thumbnail","6":"product_cat-tea-beverage-packaging","7":"product_cat-injection-boba-cup","9":"first","10":"instock","11":"product-type-simple"},"_links":{"self":[{"href":"https:\/\/www.intl-pack.com\/es\/wp-json\/wp\/v2\/product\/1762","targetHints":{"allow":["GET"]}}],"collection":[{"href":"https:\/\/www.intl-pack.com\/es\/wp-json\/wp\/v2\/product"}],"about":[{"href":"https:\/\/www.intl-pack.com\/es\/wp-json\/wp\/v2\/types\/product"}],"version-history":[{"count":0,"href":"https:\/\/www.intl-pack.com\/es\/wp-json\/wp\/v2\/product\/1762\/revisions"}],"wp:featuredmedia":[{"embeddable":true,"href":"https:\/\/www.intl-pack.com\/es\/wp-json\/wp\/v2\/media\/1764"}],"wp:attachment":[{"href":"https:\/\/www.intl-pack.com\/es\/wp-json\/wp\/v2\/media?parent=1762"}],"wp:term":[{"taxonomy":"product_brand","embeddable":true,"href":"https:\/\/www.intl-pack.com\/es\/wp-json\/wp\/v2\/product_brand?post=1762"},{"taxonomy":"product_cat","embeddable":true,"href":"https:\/\/www.intl-pack.com\/es\/wp-json\/wp\/v2\/product_cat?post=1762"},{"taxonomy":"product_tag","embeddable":true,"href":"https:\/\/www.intl-pack.com\/es\/wp-json\/wp\/v2\/product_tag?post=1762"}],"curies":[{"name":"wp","href":"https:\/\/api.w.org\/{rel}","templated":true}]}}