{"id":2744,"date":"2025-05-27T21:02:41","date_gmt":"2025-05-27T13:02:41","guid":{"rendered":"https:\/\/intl-pack.com\/product\/1000ml-iml-ice-cream-container-with-lidirregular-sealpp-1000-114\/"},"modified":"2025-05-28T16:27:40","modified_gmt":"2025-05-28T08:27:40","slug":"1000ml-iml-ice-cream-container-with-lidirregular-sealpp-1000-114","status":"publish","type":"product","link":"https:\/\/www.intl-pack.com\/de\/1000ml-iml-ice-cream-container-with-lidirregular-sealpp-1000-114\/","title":{"rendered":"1000 ml IML-Eiscremebeh\u00e4lter mit Deckel, unregelm\u00e4\u00dfige Versiegelung, PP-1000-114"},"content":{"rendered":"","protected":false},"excerpt":{"rendered":"<table class=\"jtable123\">\n<tbody>\n<tr>\n<td style=\"width: 181.25px;\">Artikelnummer:<\/td>\n<td style=\"width: 198.75px;\">PP-1000-114<\/td>\n<\/tr>\n<tr>\n<td style=\"width: 181.25px;\">\u00dcberlaufkapazit\u00e4t:<\/td>\n<td style=\"width: 198.75px;\">1 Liter<\/td>\n<\/tr>\n<tr>\n<td style=\"width: 181.25px;\">Oberer Durchmesser:<\/td>\n<td style=\"width: 198.75px;\">144 x 144 mm<\/td>\n<\/tr>\n<tr>\n<td style=\"width: 181.25px;\">Gewicht:<\/td>\n<td style=\"width: 198.75px;\">Tub-56.4g,Lids-15g<\/td>\n<\/tr>\n<tr>\n<td style=\"width: 181.25px;\">Material:<\/td>\n<td style=\"width: 198.75px;\">Lebensmittelechtes PP<\/td>\n<\/tr>\n<tr>\n<td style=\"width: 181.25px;\">Anzahl der Farben:<\/td>\n<td style=\"width: 198.75px;\">1-10 colors<\/td>\n<\/tr>\n<tr>\n<td style=\"width: 181.25px;\">Paket:<\/td>\n<td style=\"width: 198.75px;\">500 oder 1000 St\u00fcck\/Karton<\/td>\n<\/tr>\n<tr>\n<td style=\"width: 181.25px;\">Verwendung:<\/td>\n<td style=\"width: 198.75px;\">Lebensmittelverpackung und -lagerung<\/td>\n<\/tr>\n<tr>\n<td style=\"width: 181.25px;\">Mindestbestellmenge:<\/td>\n<td style=\"width: 198.75px;\">50000 St\u00fcck<\/td>\n<\/tr>\n<tr>\n<td style=\"width: 181.25px;\">Geeignete Temperatur:<\/td>\n<td style=\"width: 198.75px;\">-20-120\u2103<\/td>\n<\/tr>\n<tr>\n<td style=\"width: 181.25px;\">Probe:<\/td>\n<td style=\"width: 198.75px;\">Unterst\u00fctzung<\/td>\n<\/tr>\n<\/tbody>\n<\/table>\n<p>&nbsp;<\/p>\n<p>&nbsp;<\/p>","protected":false},"featured_media":2746,"template":"","meta":[],"product_brand":[],"product_cat":[30,29],"product_tag":[],"class_list":{"0":"post-2744","1":"product","2":"type-product","3":"status-publish","4":"has-post-thumbnail","6":"product_cat-dairy-puddingice-cream-cups","7":"product_cat-food-industry","9":"first","10":"instock","11":"product-type-simple"},"_links":{"self":[{"href":"https:\/\/www.intl-pack.com\/de\/wp-json\/wp\/v2\/product\/2744","targetHints":{"allow":["GET"]}}],"collection":[{"href":"https:\/\/www.intl-pack.com\/de\/wp-json\/wp\/v2\/product"}],"about":[{"href":"https:\/\/www.intl-pack.com\/de\/wp-json\/wp\/v2\/types\/product"}],"version-history":[{"count":0,"href":"https:\/\/www.intl-pack.com\/de\/wp-json\/wp\/v2\/product\/2744\/revisions"}],"wp:featuredmedia":[{"embeddable":true,"href":"https:\/\/www.intl-pack.com\/de\/wp-json\/wp\/v2\/media\/2746"}],"wp:attachment":[{"href":"https:\/\/www.intl-pack.com\/de\/wp-json\/wp\/v2\/media?parent=2744"}],"wp:term":[{"taxonomy":"product_brand","embeddable":true,"href":"https:\/\/www.intl-pack.com\/de\/wp-json\/wp\/v2\/product_brand?post=2744"},{"taxonomy":"product_cat","embeddable":true,"href":"https:\/\/www.intl-pack.com\/de\/wp-json\/wp\/v2\/product_cat?post=2744"},{"taxonomy":"product_tag","embeddable":true,"href":"https:\/\/www.intl-pack.com\/de\/wp-json\/wp\/v2\/product_tag?post=2744"}],"curies":[{"name":"wp","href":"https:\/\/api.w.org\/{rel}","templated":true}]}}