{"id":2529,"date":"2025-05-27T20:33:54","date_gmt":"2025-05-27T12:33:54","guid":{"rendered":"https:\/\/intl-pack.com\/product\/6-7-corn-starch-disposable-cutlery-set-knife-forkspoon-and-spork-white-bio-6-7\/"},"modified":"2025-05-27T20:39:07","modified_gmt":"2025-05-27T12:39:07","slug":"6-7-corn-starch-disposable-cutlery-set-knife-forkspoon-and-spork-white-bio-6-7","status":"publish","type":"product","link":"https:\/\/www.intl-pack.com\/de\/67-corn-starch-disposable-cutlery-set-knife-forkspoon-and-spork-white-bio-67\/","title":{"rendered":"6,7 Zoll Einwegbesteckset aus Maisst\u00e4rke \u2013 Messer, Gabel, L\u00f6ffel und G\u00f6ffel, wei\u00df, Bio-6,7 Zoll"},"content":{"rendered":"","protected":false},"excerpt":{"rendered":"<table >\n<tbody>\n<tr style=\"height: 14.4000pt;\">\n<td  style=\"width: 213.0500pt;\">\n<p>Artikelnummer:<\/p>\n<\/td>\n<td  style=\"width: 213.0500pt;\">\n<p>Bio-6.7\u201d<\/p>\n<\/td>\n<\/tr>\n<tr>\n<td  style=\"width: 213.0500pt;\">\n<p>Typ:<\/p>\n<\/td>\n<td  style=\"width: 213.0500pt;\">\n<p>Knife, Fork, Tea Spoon,Soup Spoon<\/p>\n<\/td>\n<\/tr>\n<tr>\n<td  style=\"width: 213.0500pt;\">\n<p>L\u00e4nge:<\/p>\n<\/td>\n<td  style=\"width: 213.0500pt;\">\n<p>\u00a0190 mm, 170 mm, 170 mm, 163 mm<\/p>\n<\/td>\n<\/tr>\n<tr>\n<td  style=\"width: 213.0500pt;\">\n<p>Gewicht:<\/p>\n<\/td>\n<td  style=\"width: 213.0500pt;\">\n<p>\u00a07 g, 4,3 g, 4,7 g, 4,8 g<\/p>\n<\/td>\n<\/tr>\n<tr>\n<td  style=\"width: 213.0500pt;\">\n<p>Material:<\/p>\n<\/td>\n<td  style=\"width: 213.0500pt;\">\n<p>\u00a0Corn Starch<\/p>\n<\/td>\n<\/tr>\n<tr>\n<td  style=\"width: 213.0500pt;\">\n<p>Verf\u00fcgbare Farbe:<\/p>\n<\/td>\n<td  style=\"width: 213.0500pt;\">\n<p>White<\/p>\n<\/td>\n<\/tr>\n<tr>\n<td  style=\"width: 213.0500pt;\">\n<p>Paket:<\/p>\n<\/td>\n<td  style=\"width: 213.0500pt;\">\n<p>1000 St\u00fcck\/Karton<\/p>\n<\/td>\n<\/tr>\n<tr>\n<td  style=\"width: 213.0500pt;\">\n<p>Verwendung:<\/p>\n<\/td>\n<td  style=\"width: 213.0500pt;\">\n<p>Einweggeschirr, Einwegbesteck<\/p>\n<\/td>\n<\/tr>\n<tr>\n<td  style=\"width: 213.0500pt;\">\n<p>Anpassen<\/p>\n<\/td>\n<td  style=\"width: 213.0500pt;\">\n<p>Formenentwicklung, Farbe, Verpackung<\/p>\n<\/td>\n<\/tr>\n<tr>\n<td  style=\"width: 213.0500pt;\">\n<p>Probe:<\/p>\n<\/td>\n<td  style=\"width: 213.0500pt;\">\n<p>Unterst\u00fctzung<\/p>\n<\/td>\n<\/tr>\n<tr>\n<td  style=\"width: 213.0500pt;\">\n<p>Mindestanpassung:<\/p>\n<\/td>\n<td  style=\"width: 213.0500pt;\">\n<p>400 Karton<\/p>\n<\/td>\n<\/tr>\n<\/tbody>\n<\/table>","protected":false},"featured_media":2531,"template":"","meta":[],"product_brand":[],"product_cat":[24],"product_tag":[],"class_list":{"0":"post-2529","1":"product","2":"type-product","3":"status-publish","4":"has-post-thumbnail","6":"product_cat-disposable-cutlery","8":"first","9":"instock","10":"product-type-simple"},"_links":{"self":[{"href":"https:\/\/www.intl-pack.com\/de\/wp-json\/wp\/v2\/product\/2529","targetHints":{"allow":["GET"]}}],"collection":[{"href":"https:\/\/www.intl-pack.com\/de\/wp-json\/wp\/v2\/product"}],"about":[{"href":"https:\/\/www.intl-pack.com\/de\/wp-json\/wp\/v2\/types\/product"}],"version-history":[{"count":0,"href":"https:\/\/www.intl-pack.com\/de\/wp-json\/wp\/v2\/product\/2529\/revisions"}],"wp:featuredmedia":[{"embeddable":true,"href":"https:\/\/www.intl-pack.com\/de\/wp-json\/wp\/v2\/media\/2531"}],"wp:attachment":[{"href":"https:\/\/www.intl-pack.com\/de\/wp-json\/wp\/v2\/media?parent=2529"}],"wp:term":[{"taxonomy":"product_brand","embeddable":true,"href":"https:\/\/www.intl-pack.com\/de\/wp-json\/wp\/v2\/product_brand?post=2529"},{"taxonomy":"product_cat","embeddable":true,"href":"https:\/\/www.intl-pack.com\/de\/wp-json\/wp\/v2\/product_cat?post=2529"},{"taxonomy":"product_tag","embeddable":true,"href":"https:\/\/www.intl-pack.com\/de\/wp-json\/wp\/v2\/product_tag?post=2529"}],"curies":[{"name":"wp","href":"https:\/\/api.w.org\/{rel}","templated":true}]}}