{"id":2478,"date":"2025-05-27T20:30:16","date_gmt":"2025-05-27T12:30:16","guid":{"rendered":"https:\/\/intl-pack.com\/product\/5-4g-pp-disposable-plastic-cutlery-set-knife-forkspoon-and-spork-white-pp-5-4g\/"},"modified":"2025-05-27T20:39:07","modified_gmt":"2025-05-27T12:39:07","slug":"5-4g-pp-disposable-plastic-cutlery-set-knife-forkspoon-and-spork-white-pp-5-4g","status":"publish","type":"product","link":"https:\/\/www.intl-pack.com\/de\/54g-pp-disposable-plastic-cutlery-set-knife-forkspoon-and-spork-white-pp-54g\/","title":{"rendered":"5,4 g PP Einweg-Besteckset aus Kunststoff \u2013 Messer, Gabel, L\u00f6ffel und G\u00f6ffel, wei\u00df, PP-5,4 g"},"content":{"rendered":"","protected":false},"excerpt":{"rendered":"<table >\n<tbody>\n<tr style=\"height: 14.4000pt;\">\n<td  style=\"width: 213.0500pt;\">\n<p>Artikelnummer:<\/p>\n<\/td>\n<td  style=\"width: 213.0500pt;\">\n<p>PP-5.4g<\/p>\n<\/td>\n<\/tr>\n<tr>\n<td  style=\"width: 213.0500pt;\">\n<p>Typ:<\/p>\n<\/td>\n<td  style=\"width: 213.0500pt;\">\n<p>Messer, Gabel, L\u00f6ffel, G\u00f6ffel<\/p>\n<\/td>\n<\/tr>\n<tr>\n<td  style=\"width: 213.0500pt;\">\n<p>L\u00e4nge:<\/p>\n<\/td>\n<td  style=\"width: 213.0500pt;\">\n<p>\u00a0190 mm, 180 mm, 165 mm<\/p>\n<\/td>\n<\/tr>\n<tr>\n<td  style=\"width: 213.0500pt;\">\n<p>Gewicht:<\/p>\n<\/td>\n<td  style=\"width: 213.0500pt;\">\n<p>\u00a05,4 g, 5,4 g, 5,4 g<\/p>\n<\/td>\n<\/tr>\n<tr>\n<td  style=\"width: 213.0500pt;\">\n<p>Material:<\/p>\n<\/td>\n<td  style=\"width: 213.0500pt;\">\n<p>\u00a0PP-Polypropylen<\/p>\n<\/td>\n<\/tr>\n<tr>\n<td  style=\"width: 213.0500pt;\">\n<p>Verf\u00fcgbare Farbe:<\/p>\n<\/td>\n<td  style=\"width: 213.0500pt;\">\n<p>Schwarz, Wei\u00df, Klar<\/p>\n<\/td>\n<\/tr>\n<tr>\n<td  style=\"width: 213.0500pt;\">\n<p>Paket:<\/p>\n<\/td>\n<td  style=\"width: 213.0500pt;\">\n<p>1000 St\u00fcck\/Karton<\/p>\n<\/td>\n<\/tr>\n<tr>\n<td  style=\"width: 213.0500pt;\">\n<p>Verwendung:<\/p>\n<\/td>\n<td  style=\"width: 213.0500pt;\">\n<p>Einweggeschirr, Einwegbesteck<\/p>\n<\/td>\n<\/tr>\n<tr>\n<td  style=\"width: 213.0500pt;\">\n<p>Anpassen<\/p>\n<\/td>\n<td  style=\"width: 213.0500pt;\">\n<p>Formenentwicklung, Farbe, Verpackung<\/p>\n<\/td>\n<\/tr>\n<tr>\n<td  style=\"width: 213.0500pt;\">\n<p>Probe:<\/p>\n<\/td>\n<td  style=\"width: 213.0500pt;\">\n<p>Unterst\u00fctzung<\/p>\n<\/td>\n<\/tr>\n<tr>\n<td  style=\"width: 213.0500pt;\">\n<p>Mindestanpassung:<\/p>\n<\/td>\n<td  style=\"width: 213.0500pt;\">\n<p>400 Karton<\/p>\n<\/td>\n<\/tr>\n<\/tbody>\n<\/table>","protected":false},"featured_media":2480,"template":"","meta":[],"product_brand":[],"product_cat":[24],"product_tag":[],"class_list":{"0":"post-2478","1":"product","2":"type-product","3":"status-publish","4":"has-post-thumbnail","6":"product_cat-disposable-cutlery","8":"first","9":"instock","10":"product-type-simple"},"_links":{"self":[{"href":"https:\/\/www.intl-pack.com\/de\/wp-json\/wp\/v2\/product\/2478","targetHints":{"allow":["GET"]}}],"collection":[{"href":"https:\/\/www.intl-pack.com\/de\/wp-json\/wp\/v2\/product"}],"about":[{"href":"https:\/\/www.intl-pack.com\/de\/wp-json\/wp\/v2\/types\/product"}],"version-history":[{"count":0,"href":"https:\/\/www.intl-pack.com\/de\/wp-json\/wp\/v2\/product\/2478\/revisions"}],"wp:featuredmedia":[{"embeddable":true,"href":"https:\/\/www.intl-pack.com\/de\/wp-json\/wp\/v2\/media\/2480"}],"wp:attachment":[{"href":"https:\/\/www.intl-pack.com\/de\/wp-json\/wp\/v2\/media?parent=2478"}],"wp:term":[{"taxonomy":"product_brand","embeddable":true,"href":"https:\/\/www.intl-pack.com\/de\/wp-json\/wp\/v2\/product_brand?post=2478"},{"taxonomy":"product_cat","embeddable":true,"href":"https:\/\/www.intl-pack.com\/de\/wp-json\/wp\/v2\/product_cat?post=2478"},{"taxonomy":"product_tag","embeddable":true,"href":"https:\/\/www.intl-pack.com\/de\/wp-json\/wp\/v2\/product_tag?post=2478"}],"curies":[{"name":"wp","href":"https:\/\/api.w.org\/{rel}","templated":true}]}}